{"id":6232,"date":"2025-11-22T15:33:02","date_gmt":"2025-11-22T13:33:02","guid":{"rendered":"https:\/\/olakino.es\/tarjeta-de-regalo\/"},"modified":"2026-01-05T13:20:24","modified_gmt":"2026-01-05T11:20:24","slug":"tarjeta-de-regalo","status":"publish","type":"page","link":"https:\/\/olakino.es\/es\/tarjeta-de-regalo\/","title":{"rendered":"Tarjeta de regalo"},"content":{"rendered":"\t\t<div data-elementor-type=\"wp-page\" data-elementor-id=\"6232\" class=\"elementor elementor-6232 elementor-6204\" data-elementor-post-type=\"page\">\n\t\t\t\t<div class=\"elementor-element elementor-element-d8d9abe e-flex e-con-boxed e-con e-parent\" data-id=\"d8d9abe\" data-element_type=\"container\" data-e-type=\"container\">\n\t\t\t\t\t<div class=\"e-con-inner\">\n\t\t\t\t<div class=\"elementor-element elementor-element-f5c20cf elementor-widget elementor-widget-heading\" data-id=\"f5c20cf\" data-element_type=\"widget\" data-e-type=\"widget\" data-widget_type=\"heading.default\">\n\t\t\t\t<div class=\"elementor-widget-container\">\n\t\t\t\t\t<h2 class=\"elementor-heading-title elementor-size-default\">Regala salud a alguien que te importa<\/h2>\t\t\t\t<\/div>\n\t\t\t\t<\/div>\n\t\t\t\t<div class=\"elementor-element elementor-element-d8351d9 elementor-widget elementor-widget-text-editor\" data-id=\"d8351d9\" data-element_type=\"widget\" data-e-type=\"widget\" data-widget_type=\"text-editor.default\">\n\t\t\t\t<div class=\"elementor-widget-container\">\n\t\t\t\t\t\t\t\t\t<p>Nuestra tarjeta de regalo es una forma bien pensada de introducir a alguien al cuidado quiropr\u00e1ctico integrativo y la Kinesiolog\u00eda Aplicada. Incluye una primera visita completa, una evaluaci\u00f3n integral de la persona y un plan claro de apoyo a su bienestar. <\/p>\t\t\t\t\t\t\t\t<\/div>\n\t\t\t\t<\/div>\n\t\t<div class=\"elementor-element elementor-element-0e46843 e-con-full e-flex e-con e-child\" data-id=\"0e46843\" data-element_type=\"container\" data-e-type=\"container\">\n\t\t<div class=\"elementor-element elementor-element-0493ef5 e-con-full e-flex e-con e-child\" data-id=\"0493ef5\" data-element_type=\"container\" data-e-type=\"container\">\n\t\t\t\t<div class=\"elementor-element elementor-element-3ac1f84 elementor-widget elementor-widget-heading\" data-id=\"3ac1f84\" data-element_type=\"widget\" data-e-type=\"widget\" data-widget_type=\"heading.default\">\n\t\t\t\t<div class=\"elementor-widget-container\">\n\t\t\t\t\t<h2 class=\"elementor-heading-title elementor-size-default\">Precio y compra<\/h2>\t\t\t\t<\/div>\n\t\t\t\t<\/div>\n\t\t\t\t<div class=\"elementor-element elementor-element-6609c94 elementor-widget elementor-widget-text-editor\" data-id=\"6609c94\" data-element_type=\"widget\" data-e-type=\"widget\" data-widget_type=\"text-editor.default\">\n\t\t\t\t<div class=\"elementor-widget-container\">\n\t\t\t\t\t\t\t\t\t<p>La tarjeta de regalo est\u00e1 disponible por <strong>90 euros<\/strong> e incluye la <a href=\"https:\/\/olakino.es\/es\/la-primera-visita\/\"><strong>primera visita<\/strong><\/a>.<br>Esta impresa en tarjeta de alta calidad y se presenta con un sobre, lista para que la regales.<br>Puedes recogerla en la cl\u00ednica a la hora que te convenga.<\/p><p>Para reservar una tarjeta regalo, por favor <strong><a href=\"https:\/\/olakino.es\/es\/contacto-quiropractico-palma\/\">ponte en contacto con nosotros<\/a><\/strong> o habla con nosotros durante tu pr\u00f3xima visita.<\/p>\t\t\t\t\t\t\t\t<\/div>\n\t\t\t\t<\/div>\n\t\t\t\t<div class=\"elementor-element elementor-element-7a06533 elementor-widget elementor-widget-heading\" data-id=\"7a06533\" data-element_type=\"widget\" data-e-type=\"widget\" data-widget_type=\"heading.default\">\n\t\t\t\t<div class=\"elementor-widget-container\">\n\t\t\t\t\t<h2 class=\"elementor-heading-title elementor-size-default\">Validez<\/h2>\t\t\t\t<\/div>\n\t\t\t\t<\/div>\n\t\t\t\t<div class=\"elementor-element elementor-element-6684c23 elementor-widget elementor-widget-text-editor\" data-id=\"6684c23\" data-element_type=\"widget\" data-e-type=\"widget\" data-widget_type=\"text-editor.default\">\n\t\t\t\t<div class=\"elementor-widget-container\">\n\t\t\t\t\t\t\t\t\t<p>Las tarjetas de regalo son <strong>v\u00e1lidas durante 6 meses<\/strong> a partir de la fecha de compra y <strong>no son reembolsables<\/strong>.<\/p>\t\t\t\t\t\t\t\t<\/div>\n\t\t\t\t<\/div>\n\t\t\t\t<\/div>\n\t\t<div class=\"elementor-element elementor-element-13226cf e-con-full e-flex e-con e-child\" data-id=\"13226cf\" data-element_type=\"container\" data-e-type=\"container\">\n\t\t\t\t<div class=\"elementor-element elementor-element-09138a0 elementor-widget elementor-widget-image\" data-id=\"09138a0\" data-element_type=\"widget\" data-e-type=\"widget\" data-widget_type=\"image.default\">\n\t\t\t\t<div class=\"elementor-widget-container\">\n\t\t\t\t\t\t\t\t\t\t\t\t\t\t\t<img fetchpriority=\"high\" decoding=\"async\" width=\"800\" height=\"600\" src=\"https:\/\/olakino.es\/wp-content\/uploads\/2025\/11\/DABED9AF-CBE1-43EF-A73A-50E4E3ED4BC5_1_105_c.jpeg\" class=\"attachment-large size-large wp-image-6215\" alt=\"\" srcset=\"https:\/\/olakino.es\/wp-content\/uploads\/2025\/11\/DABED9AF-CBE1-43EF-A73A-50E4E3ED4BC5_1_105_c.jpeg 1024w, https:\/\/olakino.es\/wp-content\/uploads\/2025\/11\/DABED9AF-CBE1-43EF-A73A-50E4E3ED4BC5_1_105_c-300x225.jpeg 300w, https:\/\/olakino.es\/wp-content\/uploads\/2025\/11\/DABED9AF-CBE1-43EF-A73A-50E4E3ED4BC5_1_105_c-768x576.jpeg 768w\" sizes=\"(max-width: 800px) 100vw, 800px\" \/>\t\t\t\t\t\t\t\t\t\t\t\t\t\t\t<\/div>\n\t\t\t\t<\/div>\n\t\t\t\t<\/div>\n\t\t\t\t<\/div>\n\t\t\t\t\t<\/div>\n\t\t\t\t<\/div>\n\t\t\t\t<\/div>\n\t\t","protected":false},"excerpt":{"rendered":"<p>Regala salud a alguien que te importa Nuestra tarjeta de regalo es una forma bien pensada de introducir a alguien al cuidado quiropr\u00e1ctico integrativo y la Kinesiolog\u00eda Aplicada. Incluye una primera visita completa, una evaluaci\u00f3n integral de la persona y un plan claro de apoyo a su bienestar. Precio y compra La tarjeta de regalo [&hellip;]<\/p>\n","protected":false},"author":1,"featured_media":6217,"parent":0,"menu_order":0,"comment_status":"closed","ping_status":"closed","template":"elementor_theme","meta":{"_acf_changed":false,"_joinchat":[],"footnotes":""},"class_list":["post-6232","page","type-page","status-publish","has-post-thumbnail","hentry"],"acf":[],"_links":{"self":[{"href":"https:\/\/olakino.es\/es\/wp-json\/wp\/v2\/pages\/6232","targetHints":{"allow":["GET"]}}],"collection":[{"href":"https:\/\/olakino.es\/es\/wp-json\/wp\/v2\/pages"}],"about":[{"href":"https:\/\/olakino.es\/es\/wp-json\/wp\/v2\/types\/page"}],"author":[{"embeddable":true,"href":"https:\/\/olakino.es\/es\/wp-json\/wp\/v2\/users\/1"}],"replies":[{"embeddable":true,"href":"https:\/\/olakino.es\/es\/wp-json\/wp\/v2\/comments?post=6232"}],"version-history":[{"count":3,"href":"https:\/\/olakino.es\/es\/wp-json\/wp\/v2\/pages\/6232\/revisions"}],"predecessor-version":[{"id":6422,"href":"https:\/\/olakino.es\/es\/wp-json\/wp\/v2\/pages\/6232\/revisions\/6422"}],"wp:featuredmedia":[{"embeddable":true,"href":"https:\/\/olakino.es\/es\/wp-json\/wp\/v2\/media\/6217"}],"wp:attachment":[{"href":"https:\/\/olakino.es\/es\/wp-json\/wp\/v2\/media?parent=6232"}],"curies":[{"name":"wp","href":"https:\/\/api.w.org\/{rel}","templated":true}]}}