{"id":6023,"date":"2025-10-19T15:14:49","date_gmt":"2025-10-19T13:14:49","guid":{"rendered":"https:\/\/olakino.es\/blog-olakino-quiropractica\/"},"modified":"2025-10-28T22:49:29","modified_gmt":"2025-10-28T20:49:29","slug":"blog","status":"publish","type":"page","link":"https:\/\/olakino.es\/es\/blog\/","title":{"rendered":"Blog | Olakino Quiropr\u00e1ctica"},"content":{"rendered":"\t\t<div data-elementor-type=\"wp-page\" data-elementor-id=\"6023\" class=\"elementor elementor-6023 elementor-6019\" data-elementor-post-type=\"page\">\n\t\t\t\t<div class=\"elementor-element elementor-element-709953b e-flex e-con-boxed e-con e-parent\" data-id=\"709953b\" data-element_type=\"container\" data-e-type=\"container\">\n\t\t\t\t\t<div class=\"e-con-inner\">\n\t\t\t\t<div class=\"elementor-element elementor-element-754f5bd elementor-grid-3 elementor-grid-tablet-2 elementor-grid-mobile-1 elementor-posts--thumbnail-top elementor-widget elementor-widget-posts\" data-id=\"754f5bd\" data-element_type=\"widget\" data-e-type=\"widget\" data-settings=\"{&quot;classic_columns&quot;:&quot;3&quot;,&quot;classic_columns_tablet&quot;:&quot;2&quot;,&quot;classic_columns_mobile&quot;:&quot;1&quot;,&quot;classic_row_gap&quot;:{&quot;unit&quot;:&quot;px&quot;,&quot;size&quot;:35,&quot;sizes&quot;:[]},&quot;classic_row_gap_tablet&quot;:{&quot;unit&quot;:&quot;px&quot;,&quot;size&quot;:&quot;&quot;,&quot;sizes&quot;:[]},&quot;classic_row_gap_mobile&quot;:{&quot;unit&quot;:&quot;px&quot;,&quot;size&quot;:&quot;&quot;,&quot;sizes&quot;:[]}}\" data-widget_type=\"posts.classic\">\n\t\t\t\t<div class=\"elementor-widget-container\">\n\t\t\t\t\t\t\t<div class=\"elementor-posts-container elementor-posts elementor-posts--skin-classic elementor-grid\" role=\"list\">\n\t\t\t\t<article class=\"elementor-post elementor-grid-item post-6189 post type-post status-publish format-standard has-post-thumbnail hentry category-bienestar-general\" role=\"listitem\">\n\t\t\t\t<a class=\"elementor-post__thumbnail__link\" href=\"https:\/\/olakino.es\/es\/como-elegir-al-mejor-quiropractico-en-palma-que-buscar-en-una-atencion-personalizada\/\" tabindex=\"-1\" >\n\t\t\t<div class=\"elementor-post__thumbnail\"><img fetchpriority=\"high\" decoding=\"async\" width=\"246\" height=\"300\" src=\"https:\/\/olakino.es\/wp-content\/uploads\/2025\/05\/a7d96f47-cb16-4f8f-ba03-441ba3f767a8-scaled-e1748097254884-246x300.jpg\" class=\"attachment-medium size-medium wp-image-1576\" alt=\"\" srcset=\"https:\/\/olakino.es\/wp-content\/uploads\/2025\/05\/a7d96f47-cb16-4f8f-ba03-441ba3f767a8-scaled-e1748097254884-246x300.jpg 246w, https:\/\/olakino.es\/wp-content\/uploads\/2025\/05\/a7d96f47-cb16-4f8f-ba03-441ba3f767a8-scaled-e1748097254884-840x1024.jpg 840w, https:\/\/olakino.es\/wp-content\/uploads\/2025\/05\/a7d96f47-cb16-4f8f-ba03-441ba3f767a8-scaled-e1748097254884-768x936.jpg 768w, https:\/\/olakino.es\/wp-content\/uploads\/2025\/05\/a7d96f47-cb16-4f8f-ba03-441ba3f767a8-scaled-e1748097254884-1260x1536.jpg 1260w, https:\/\/olakino.es\/wp-content\/uploads\/2025\/05\/a7d96f47-cb16-4f8f-ba03-441ba3f767a8-scaled-e1748097254884-600x731.jpg 600w, https:\/\/olakino.es\/wp-content\/uploads\/2025\/05\/a7d96f47-cb16-4f8f-ba03-441ba3f767a8-scaled-e1748097254884.jpg 1442w\" sizes=\"(max-width: 246px) 100vw, 246px\" \/><\/div>\n\t\t<\/a>\n\t\t\t\t<div class=\"elementor-post__text\">\n\t\t\t\t<h3 class=\"elementor-post__title\">\n\t\t\t<a href=\"https:\/\/olakino.es\/es\/como-elegir-al-mejor-quiropractico-en-palma-que-buscar-en-una-atencion-personalizada\/\" >\n\t\t\t\tC\u00f3mo Elegir al Mejor Quiropr\u00e1ctico en Palma: Qu\u00e9 Buscar en una Atenci\u00f3n Personalizada\t\t\t<\/a>\n\t\t<\/h3>\n\t\t\t\t<div class=\"elementor-post__meta-data\">\n\t\t\t\t\t<span class=\"elementor-post-date\">\n\t\t\t28\/10\/2025\t\t<\/span>\n\t\t\t\t<span class=\"elementor-post-avatar\">\n\t\t\tNo hay comentarios\t\t<\/span>\n\t\t\t\t<\/div>\n\t\t\t\t<div class=\"elementor-post__excerpt\">\n\t\t\t<p>Aprende a elegir al mejor quiropr\u00e1ctico en Palma. Descubre qu\u00e9 significa realmente una atenci\u00f3n personalizada y qu\u00e9 aspectos debes tener en cuenta para encontrar al profesional adecuado para ti. <\/p>\n\t\t<\/div>\n\t\t\n\t\t<a class=\"elementor-post__read-more\" href=\"https:\/\/olakino.es\/es\/como-elegir-al-mejor-quiropractico-en-palma-que-buscar-en-una-atencion-personalizada\/\" aria-label=\"M\u00e1s informaci\u00f3n sobre C\u00f3mo Elegir al Mejor Quiropr\u00e1ctico en Palma: Qu\u00e9 Buscar en una Atenci\u00f3n Personalizada\" tabindex=\"-1\" >\n\t\t\tSigue leyendo \u00bb\t\t<\/a>\n\n\t\t\t\t<\/div>\n\t\t\t\t<\/article>\n\t\t\t\t<\/div>\n\t\t\n\t\t\t\t\t\t<\/div>\n\t\t\t\t<\/div>\n\t\t\t\t\t<\/div>\n\t\t\t\t<\/div>\n\t\t\t\t<\/div>\n\t\t","protected":false},"excerpt":{"rendered":"","protected":false},"author":1,"featured_media":1572,"parent":0,"menu_order":0,"comment_status":"closed","ping_status":"closed","template":"elementor_theme","meta":{"_acf_changed":false,"_joinchat":[],"footnotes":""},"class_list":["post-6023","page","type-page","status-publish","has-post-thumbnail","hentry"],"acf":[],"_links":{"self":[{"href":"https:\/\/olakino.es\/es\/wp-json\/wp\/v2\/pages\/6023","targetHints":{"allow":["GET"]}}],"collection":[{"href":"https:\/\/olakino.es\/es\/wp-json\/wp\/v2\/pages"}],"about":[{"href":"https:\/\/olakino.es\/es\/wp-json\/wp\/v2\/types\/page"}],"author":[{"embeddable":true,"href":"https:\/\/olakino.es\/es\/wp-json\/wp\/v2\/users\/1"}],"replies":[{"embeddable":true,"href":"https:\/\/olakino.es\/es\/wp-json\/wp\/v2\/comments?post=6023"}],"version-history":[{"count":4,"href":"https:\/\/olakino.es\/es\/wp-json\/wp\/v2\/pages\/6023\/revisions"}],"predecessor-version":[{"id":6046,"href":"https:\/\/olakino.es\/es\/wp-json\/wp\/v2\/pages\/6023\/revisions\/6046"}],"wp:featuredmedia":[{"embeddable":true,"href":"https:\/\/olakino.es\/es\/wp-json\/wp\/v2\/media\/1572"}],"wp:attachment":[{"href":"https:\/\/olakino.es\/es\/wp-json\/wp\/v2\/media?parent=6023"}],"curies":[{"name":"wp","href":"https:\/\/api.w.org\/{rel}","templated":true}]}}