{"id":5972,"date":"2025-10-12T13:42:16","date_gmt":"2025-10-12T11:42:16","guid":{"rendered":"https:\/\/olakino.es\/mensaje-de-contacto\/"},"modified":"2025-10-12T13:45:11","modified_gmt":"2025-10-12T11:45:11","slug":"mensaje-de-contacto","status":"publish","type":"page","link":"https:\/\/olakino.es\/es\/mensaje-de-contacto\/","title":{"rendered":"Mensaje de contacto"},"content":{"rendered":"\t\t<div data-elementor-type=\"wp-page\" data-elementor-id=\"5972\" class=\"elementor elementor-5972 elementor-5964\" data-elementor-post-type=\"page\">\n\t\t\t\t<div class=\"elementor-element elementor-element-0687c21 e-flex e-con-boxed e-con e-parent\" data-id=\"0687c21\" data-element_type=\"container\" data-e-type=\"container\">\n\t\t\t\t\t<div class=\"e-con-inner\">\n\t\t\t\t<div class=\"elementor-element elementor-element-7dddd20 elementor-widget elementor-widget-heading\" data-id=\"7dddd20\" data-element_type=\"widget\" data-e-type=\"widget\" data-widget_type=\"heading.default\">\n\t\t\t\t<div class=\"elementor-widget-container\">\n\t\t\t\t\t<h1 class=\"elementor-heading-title elementor-size-default\">Mensaje de contacto<\/h1>\t\t\t\t<\/div>\n\t\t\t\t<\/div>\n\t\t\t\t<div class=\"elementor-element elementor-element-15d4539 elementor-widget elementor-widget-text-editor\" data-id=\"15d4539\" data-element_type=\"widget\" data-e-type=\"widget\" data-widget_type=\"text-editor.default\">\n\t\t\t\t<div class=\"elementor-widget-container\">\n\t\t\t\t\t\t\t\t\t<p>En virtud de lo establecido en la Ley Org\u00e1nica 3\/2018, LOPD-GDD y el Reglamento Europeo 2016\/679, RGPD de Protecci\u00f3n de Datos de car\u00e1cter personal le informamos que sus datos pasar\u00e1n a formar parte de un fichero titularidad de Bar Halevy &#8211; Quiropr\u00e1ctico. La informaci\u00f3n registrada se utilizar\u00e1 para informarle por cualquier medio electr\u00f3nico de nuestras novedades y\/o informaci\u00f3n de la entidad. Puede ejercer los derechos de acceso, rectificaci\u00f3n, portabilidad y supresi\u00f3n de sus datos y los de limitaci\u00f3n y oposici\u00f3n del tratamiento en Avenida de Jaume III, 22, Entresuelo B, 07012, Barcelona o enviando un correo electr\u00f3nico a ola@olakino.es. En cumplimiento de la Ley 34\/2002 del 11 de julio, de Servicios de la Sociedad de la Informaci\u00f3n y de Comercio electr\u00f3nico e Internet, le informamos que puede revocar en cualquier momento, de forma sencilla y gratuita, el consentimiento para la recepci\u00f3n de correo electr\u00f3nico enviando un correo electr\u00f3nico con su solicitud a: ola@olakino.es.   <\/p>\t\t\t\t\t\t\t\t<\/div>\n\t\t\t\t<\/div>\n\t\t\t\t\t<\/div>\n\t\t\t\t<\/div>\n\t\t\t\t<\/div>\n\t\t","protected":false},"excerpt":{"rendered":"<p>En virtud de lo establecido en la Ley Org\u00e1nica 3\/2018, LOPD-GDD y el Reglamento Europeo 2016\/679, RGPD de Protecci\u00f3n de Datos de car\u00e1cter personal le informamos que sus datos pasar\u00e1n a formar parte de un fichero titularidad de Bar Halevy &#8211; Quiropr\u00e1ctico. La informaci\u00f3n registrada se utilizar\u00e1 para informarle por cualquier medio electr\u00f3nico de nuestras [&hellip;]<\/p>\n","protected":false},"author":1,"featured_media":0,"parent":0,"menu_order":0,"comment_status":"closed","ping_status":"closed","template":"","meta":{"_acf_changed":false,"_joinchat":[],"footnotes":""},"class_list":["post-5972","page","type-page","status-publish","hentry"],"acf":[],"_links":{"self":[{"href":"https:\/\/olakino.es\/es\/wp-json\/wp\/v2\/pages\/5972","targetHints":{"allow":["GET"]}}],"collection":[{"href":"https:\/\/olakino.es\/es\/wp-json\/wp\/v2\/pages"}],"about":[{"href":"https:\/\/olakino.es\/es\/wp-json\/wp\/v2\/types\/page"}],"author":[{"embeddable":true,"href":"https:\/\/olakino.es\/es\/wp-json\/wp\/v2\/users\/1"}],"replies":[{"embeddable":true,"href":"https:\/\/olakino.es\/es\/wp-json\/wp\/v2\/comments?post=5972"}],"version-history":[{"count":1,"href":"https:\/\/olakino.es\/es\/wp-json\/wp\/v2\/pages\/5972\/revisions"}],"predecessor-version":[{"id":5973,"href":"https:\/\/olakino.es\/es\/wp-json\/wp\/v2\/pages\/5972\/revisions\/5973"}],"wp:attachment":[{"href":"https:\/\/olakino.es\/es\/wp-json\/wp\/v2\/media?parent=5972"}],"curies":[{"name":"wp","href":"https:\/\/api.w.org\/{rel}","templated":true}]}}