{"id":4081,"date":"2025-05-23T16:23:03","date_gmt":"2025-05-23T14:23:03","guid":{"rendered":"https:\/\/olakino.es\/quiropractico-bar-halevy-olakino-chiropractic\/"},"modified":"2025-08-05T09:43:46","modified_gmt":"2025-08-05T07:43:46","slug":"quiropractico-bar-halevy","status":"publish","type":"page","link":"https:\/\/olakino.es\/es\/quiropractico-bar-halevy\/","title":{"rendered":"Quiropr\u00e1ctico Bar Halevy en Palma | Olakino"},"content":{"rendered":"\t\t<div data-elementor-type=\"wp-page\" data-elementor-id=\"4081\" class=\"elementor elementor-4081 elementor-918\" data-elementor-post-type=\"page\">\n\t\t\t\t<div class=\"elementor-element elementor-element-a0fe311 e-flex e-con-boxed e-con e-parent\" data-id=\"a0fe311\" data-element_type=\"container\" data-e-type=\"container\">\n\t\t\t\t\t<div class=\"e-con-inner\">\n\t\t\t\t<div class=\"elementor-element elementor-element-8058d5a elementor-widget elementor-widget-heading\" data-id=\"8058d5a\" data-element_type=\"widget\" data-e-type=\"widget\" data-widget_type=\"heading.default\">\n\t\t\t\t<div class=\"elementor-widget-container\">\n\t\t\t\t\t<h1 class=\"elementor-heading-title elementor-size-default\">Orientaci\u00f3n experta para quienes esperan m\u00e1s de su cuidado de salud<\/h1>\t\t\t\t<\/div>\n\t\t\t\t<\/div>\n\t\t\t\t<div class=\"elementor-element elementor-element-db56f91 elementor-widget elementor-widget-text-editor\" data-id=\"db56f91\" data-element_type=\"widget\" data-e-type=\"widget\" data-widget_type=\"text-editor.default\">\n\t\t\t\t<div class=\"elementor-widget-container\">\n\t\t\t\t\t\t\t\t\t<p>\u00a1Hola!<\/p><p>Soy Bar, <a href=\"https:\/\/olakino.es\/es\/quiropractica-palma\/\"><strong>quiropr\u00e1ctico<\/strong><\/a> titulado y Profesional en <a href=\"https:\/\/olakino.es\/es\/kinesiologia-aplicada-palma\/\"><strong>Kinesiolog\u00eda Aplicada<\/strong><\/a>, con base en Palma de Mallorca y una gran pasi\u00f3n por la salud hol\u00edstica.<\/p><p>Mi camino hacia la quiropr\u00e1ctica comenz\u00f3 a partir de mi experiencia en la vela profesional, donde naci\u00f3 mi fascinaci\u00f3n por el funcionamiento del cuerpo humano y el rendimiento f\u00edsico. Como deportista comprometido, explor\u00e9 distintas terapias para recuperarme de lesiones y mejorar mi rendimiento. La quiropr\u00e1ctica no solo me brind\u00f3 el apoyo que necesitaba, sino que tambi\u00e9n me inspir\u00f3 a dedicarme a ello profesionalmente.  <\/p><p>Obtuve un m\u00e1ster de cinco a\u00f1os en Quiropr\u00e1ctica en el Barcelona College of Chiropractic (Espa\u00f1a). Adem\u00e1s, he realizado m\u00e1s de 1.000 horas de formaci\u00f3n complementaria a trav\u00e9s de cursos y seminarios que van mucho m\u00e1s all\u00e1 del enfoque quiropr\u00e1ctico convencional. Esta formaci\u00f3n m\u00e1s amplia me permite abordar incluso los casos m\u00e1s complejos con confianza.  <\/p><p>M\u00e1s all\u00e1 de la quiropr\u00e1ctica, mi curiosidad me ha llevado a estudiar distintas disciplinas y pr\u00e1cticas integrativas. He explorado aspectos de la Medicina Funcional, la Medicina China y la Nutrici\u00f3n Funcional, lo que ha enriquecido mi comprensi\u00f3n de lo que realmente sostiene la salud humana. Todo esto ha fortalecido mi convicci\u00f3n sobre la importancia del equilibrio en todos los niveles\u2014f\u00edsico, bioqu\u00edmico, emocional y espiritual\u2014para alcanzar un bienestar genuino.  <\/p><p>En mi consulta en Palma de Mallorca, aplico una amplia variedad de t\u00e9cnicas adaptadas a cada persona. Estas pueden incluir: Kinesiolog\u00eda Aplicada (AK), Bio-Systems Integration (BSI\/CPK), Neuro Emotional Technique (NET), Sacro-Occipital Technique (SOT), Gonstead, Diversified, Thompson, entre otras. Seg\u00fan cada caso, puedo utilizar ajustes articulares, terapias de tejidos blandos, movilizaci\u00f3n de \u00f3rganos, trabajo en meridianos, t\u00e9cnicas craneales, nutrici\u00f3n, orientaci\u00f3n en estilo de vida y apoyo psicosocial.  <\/p><p>Creo que la salud es un regalo valioso y tambi\u00e9n una responsabilidad personal. Me gusta ayudar a las personas a filtrar el ruido\u2014informaci\u00f3n online, modas pasajeras o estrategias farmac\u00e9uticas\u2014y ofrecerles herramientas para tomar decisiones m\u00e1s informadas y conscientes sobre su bienestar. <\/p><p>No creo en soluciones universales. Cada persona es \u00fanica, y su cuidado debe reflejarlo. Me centro en ofrecer un cuidado individualizado y construir relaciones terap\u00e9uticas aut\u00e9nticas. Mi objetivo es ayudar a las personas a comprender mejor su cuerpo, tomar decisiones claras y sentirse m\u00e1s capaces de gestionar su salud.   <\/p><p>Mi enfoque es integrativo y colaborativo. Utilizo terapias manuales no invasivas para evaluar y acompa\u00f1ar a cada paciente, trabajando juntos para identificar qu\u00e9 lo est\u00e1 limitando y qu\u00e9 necesita su cuerpo para mejorar. No se trata solo de \u201carreglar\u201d, sino de comprender. No tratamos partes aisladas, sino que apoyamos a la persona en su totalidad.   <\/p><p>Ya vivas en Palma de Mallorca o est\u00e9s de visita en la isla, estoy aqu\u00ed para ofrecerte un cuidado personalizado, desde el respeto y la escucha.<\/p>\t\t\t\t\t\t\t\t<\/div>\n\t\t\t\t<\/div>\n\t\t\t\t\t<\/div>\n\t\t\t\t<\/div>\n\t\t<div class=\"elementor-element elementor-element-8ed94be e-flex e-con-boxed e-con e-parent\" data-id=\"8ed94be\" data-element_type=\"container\" data-e-type=\"container\">\n\t\t\t\t\t<div class=\"e-con-inner\">\n\t\t\t\t<div class=\"elementor-element elementor-element-888e30c elementor-widget elementor-widget-heading\" data-id=\"888e30c\" data-element_type=\"widget\" data-e-type=\"widget\" data-widget_type=\"heading.default\">\n\t\t\t\t<div class=\"elementor-widget-container\">\n\t\t\t\t\t<h2 class=\"elementor-heading-title elementor-size-default\">Para m\u00e1s informaci\u00f3n, visita mi otra p\u00e1gina web haciendo clic en el logo a continuaci\u00f3n.<\/h2>\t\t\t\t<\/div>\n\t\t\t\t<\/div>\n\t\t\t\t<div class=\"elementor-element elementor-element-3a4ac6e elementor-widget elementor-widget-image\" data-id=\"3a4ac6e\" data-element_type=\"widget\" data-e-type=\"widget\" data-widget_type=\"image.default\">\n\t\t\t\t<div class=\"elementor-widget-container\">\n\t\t\t\t\t\t\t\t\t\t\t\t\t\t\t\t<a href=\"https:\/\/barhalevy.com\/\" target=\"_blank\" rel=\"noopener\">\n\t\t\t\t\t\t\t<img fetchpriority=\"high\" decoding=\"async\" width=\"768\" height=\"826\" src=\"https:\/\/olakino.es\/wp-content\/uploads\/2025\/05\/Artboard-Original-sized-768x826.png\" class=\"attachment-medium_large size-medium_large wp-image-1542\" alt=\"\" srcset=\"https:\/\/olakino.es\/wp-content\/uploads\/2025\/05\/Artboard-Original-sized-768x826.png 768w, https:\/\/olakino.es\/wp-content\/uploads\/2025\/05\/Artboard-Original-sized-279x300.png 279w, https:\/\/olakino.es\/wp-content\/uploads\/2025\/05\/Artboard-Original-sized-953x1024.png 953w, https:\/\/olakino.es\/wp-content\/uploads\/2025\/05\/Artboard-Original-sized-600x645.png 600w, https:\/\/olakino.es\/wp-content\/uploads\/2025\/05\/Artboard-Original-sized.png 1201w\" sizes=\"(max-width: 768px) 100vw, 768px\" \/>\t\t\t\t\t\t\t\t<\/a>\n\t\t\t\t\t\t\t\t\t\t\t\t\t\t\t<\/div>\n\t\t\t\t<\/div>\n\t\t\t\t\t<\/div>\n\t\t\t\t<\/div>\n\t\t\t\t<\/div>\n\t\t","protected":false},"excerpt":{"rendered":"<p>\u00a1Hola! Soy Bar, quiropr\u00e1ctico titulado y Profesional en Kinesiolog\u00eda Aplicada, con base en Palma de Mallorca y una gran pasi\u00f3n por la salud hol\u00edstica. Mi camino hacia la quiropr\u00e1ctica comenz\u00f3 a partir de mi experiencia en la vela profesional, donde naci\u00f3 mi fascinaci\u00f3n por el funcionamiento del cuerpo humano y el rendimiento f\u00edsico. Como deportista [&hellip;]<\/p>\n","protected":false},"author":1,"featured_media":4063,"parent":0,"menu_order":0,"comment_status":"closed","ping_status":"closed","template":"elementor_theme","meta":{"_acf_changed":false,"_joinchat":[],"footnotes":""},"class_list":["post-4081","page","type-page","status-publish","has-post-thumbnail","hentry"],"acf":[],"_links":{"self":[{"href":"https:\/\/olakino.es\/es\/wp-json\/wp\/v2\/pages\/4081","targetHints":{"allow":["GET"]}}],"collection":[{"href":"https:\/\/olakino.es\/es\/wp-json\/wp\/v2\/pages"}],"about":[{"href":"https:\/\/olakino.es\/es\/wp-json\/wp\/v2\/types\/page"}],"author":[{"embeddable":true,"href":"https:\/\/olakino.es\/es\/wp-json\/wp\/v2\/users\/1"}],"replies":[{"embeddable":true,"href":"https:\/\/olakino.es\/es\/wp-json\/wp\/v2\/comments?post=4081"}],"version-history":[{"count":8,"href":"https:\/\/olakino.es\/es\/wp-json\/wp\/v2\/pages\/4081\/revisions"}],"predecessor-version":[{"id":4526,"href":"https:\/\/olakino.es\/es\/wp-json\/wp\/v2\/pages\/4081\/revisions\/4526"}],"wp:featuredmedia":[{"embeddable":true,"href":"https:\/\/olakino.es\/es\/wp-json\/wp\/v2\/media\/4063"}],"wp:attachment":[{"href":"https:\/\/olakino.es\/es\/wp-json\/wp\/v2\/media?parent=4081"}],"curies":[{"name":"wp","href":"https:\/\/api.w.org\/{rel}","templated":true}]}}