{"id":4070,"date":"2025-05-09T19:51:40","date_gmt":"2025-05-09T17:51:40","guid":{"rendered":"https:\/\/olakino.es\/nuestro-equipo-olakino-chiropractic\/"},"modified":"2025-08-04T16:40:50","modified_gmt":"2025-08-04T14:40:50","slug":"nuestro-equipo","status":"publish","type":"page","link":"https:\/\/olakino.es\/es\/nuestro-equipo\/","title":{"rendered":"Nuestro equipo en Palma | Olakino Quiropr\u00e1ctica"},"content":{"rendered":"\t\t<div data-elementor-type=\"wp-page\" data-elementor-id=\"4070\" class=\"elementor elementor-4070 elementor-124\" data-elementor-post-type=\"page\">\n\t\t\t\t<div class=\"elementor-element elementor-element-0fbb52a e-flex e-con-boxed e-con e-parent\" data-id=\"0fbb52a\" data-element_type=\"container\" data-e-type=\"container\">\n\t\t\t\t\t<div class=\"e-con-inner\">\n\t\t\t\t<div class=\"elementor-element elementor-element-b91e325 elementor-widget elementor-widget-heading\" data-id=\"b91e325\" data-element_type=\"widget\" data-e-type=\"widget\" data-widget_type=\"heading.default\">\n\t\t\t\t<div class=\"elementor-widget-container\">\n\t\t\t\t\t<h1 class=\"elementor-heading-title elementor-size-default\">Conoce al equipo Olakino \u2014 te damos espacio, tiempo y escucha sincera<\/h1>\t\t\t\t<\/div>\n\t\t\t\t<\/div>\n\t\t\t\t\t<\/div>\n\t\t\t\t<\/div>\n\t\t<div class=\"elementor-element elementor-element-10a457e e-flex e-con-boxed e-con e-parent\" data-id=\"10a457e\" data-element_type=\"container\" data-e-type=\"container\">\n\t\t\t\t\t<div class=\"e-con-inner\">\n\t\t<div class=\"elementor-element elementor-element-297b62b e-con-full e-flex e-con e-child\" data-id=\"297b62b\" data-element_type=\"container\" data-e-type=\"container\">\n\t\t<div class=\"elementor-element elementor-element-d0ba5c1 e-con-full e-flex e-con e-child\" data-id=\"d0ba5c1\" data-element_type=\"container\" data-e-type=\"container\">\n\t\t<div class=\"elementor-element elementor-element-6bf87ea e-con-full e-flex e-con e-child\" data-id=\"6bf87ea\" data-element_type=\"container\" data-e-type=\"container\">\n\t\t\t\t<div class=\"elementor-element elementor-element-31b5942 elementor-widget elementor-widget-image\" data-id=\"31b5942\" data-element_type=\"widget\" data-e-type=\"widget\" data-widget_type=\"image.default\">\n\t\t\t\t<div class=\"elementor-widget-container\">\n\t\t\t\t\t\t\t\t\t\t\t\t\t\t\t<img fetchpriority=\"high\" decoding=\"async\" width=\"800\" height=\"800\" src=\"https:\/\/olakino.es\/wp-content\/uploads\/2025\/05\/212B2DCF-C91F-46F8-A9D1-24857A0D8B65_1_201_a-1024x1024.jpg\" class=\"attachment-large size-large wp-image-1534\" alt=\"\" srcset=\"https:\/\/olakino.es\/wp-content\/uploads\/2025\/05\/212B2DCF-C91F-46F8-A9D1-24857A0D8B65_1_201_a-1024x1024.jpg 1024w, https:\/\/olakino.es\/wp-content\/uploads\/2025\/05\/212B2DCF-C91F-46F8-A9D1-24857A0D8B65_1_201_a-300x300.jpg 300w, https:\/\/olakino.es\/wp-content\/uploads\/2025\/05\/212B2DCF-C91F-46F8-A9D1-24857A0D8B65_1_201_a-150x150.jpg 150w, https:\/\/olakino.es\/wp-content\/uploads\/2025\/05\/212B2DCF-C91F-46F8-A9D1-24857A0D8B65_1_201_a-768x768.jpg 768w, https:\/\/olakino.es\/wp-content\/uploads\/2025\/05\/212B2DCF-C91F-46F8-A9D1-24857A0D8B65_1_201_a-600x600.jpg 600w, https:\/\/olakino.es\/wp-content\/uploads\/2025\/05\/212B2DCF-C91F-46F8-A9D1-24857A0D8B65_1_201_a-100x100.jpg 100w, https:\/\/olakino.es\/wp-content\/uploads\/2025\/05\/212B2DCF-C91F-46F8-A9D1-24857A0D8B65_1_201_a.jpg 1207w\" sizes=\"(max-width: 800px) 100vw, 800px\" \/>\t\t\t\t\t\t\t\t\t\t\t\t\t\t\t<\/div>\n\t\t\t\t<\/div>\n\t\t\t\t<\/div>\n\t\t<div class=\"elementor-element elementor-element-1c1f93f e-con-full e-flex e-con e-child\" data-id=\"1c1f93f\" data-element_type=\"container\" data-e-type=\"container\">\n\t\t\t\t<div class=\"elementor-element elementor-element-b3ac2cc elementor-widget elementor-widget-text-editor\" data-id=\"b3ac2cc\" data-element_type=\"widget\" data-e-type=\"widget\" data-widget_type=\"text-editor.default\">\n\t\t\t\t<div class=\"elementor-widget-container\">\n\t\t\t\t\t\t\t\t\t<p>Bar<br>Halevy<\/p>\t\t\t\t\t\t\t\t<\/div>\n\t\t\t\t<\/div>\n\t\t\t\t<\/div>\n\t\t\t\t<\/div>\n\t\t<div class=\"elementor-element elementor-element-25ee28c e-con-full e-flex e-con e-child\" data-id=\"25ee28c\" data-element_type=\"container\" data-e-type=\"container\">\n\t\t<div class=\"elementor-element elementor-element-40155bb e-con-full e-flex e-con e-child\" data-id=\"40155bb\" data-element_type=\"container\" data-e-type=\"container\">\n\t\t\t\t<div class=\"elementor-element elementor-element-2cb755a elementor-widget elementor-widget-text-editor\" data-id=\"2cb755a\" data-element_type=\"widget\" data-e-type=\"widget\" data-widget_type=\"text-editor.default\">\n\t\t\t\t<div class=\"elementor-widget-container\">\n\t\t\t\t\t\t\t\t\t<p>Hola, soy Bar, quiropr\u00e1ctico titulado y Profesional en Kinesiolog\u00eda Aplicada, con una profunda pasi\u00f3n por la salud hol\u00edstica. Mi b\u00fasqueda por comprender la complejidad del cuerpo humano me llev\u00f3 a obtener un m\u00e1ster de 5 a\u00f1os en Quiropr\u00e1ctica, junto con m\u00e1s de 1.000 horas de formaci\u00f3n adicional. Mi enfoque terap\u00e9utico se aleja de los m\u00e9todos gen\u00e9ricos y apuesta por un cuidado personalizado, dise\u00f1ado a medida, que combina diversas terapias naturales para abordar la salud en su totalidad.  <\/p><p>Te invito a acompa\u00f1arme en un camino para recuperar el bienestar desde un enfoque colaborativo y empoderador, alej\u00e1ndonos de los modelos convencionales.<\/p>\t\t\t\t\t\t\t\t<\/div>\n\t\t\t\t<\/div>\n\t\t\t\t<\/div>\n\t\t<div class=\"elementor-element elementor-element-debd4b6 e-con-full e-flex e-con e-child\" data-id=\"debd4b6\" data-element_type=\"container\" data-e-type=\"container\">\n\t\t\t\t<div class=\"elementor-element elementor-element-6d65253 elementor-align-center elementor-widget elementor-widget-button\" data-id=\"6d65253\" data-element_type=\"widget\" data-e-type=\"widget\" data-widget_type=\"button.default\">\n\t\t\t\t<div class=\"elementor-widget-container\">\n\t\t\t\t\t\t\t\t\t<div class=\"elementor-button-wrapper\">\n\t\t\t\t\t<a class=\"elementor-button elementor-button-link elementor-size-sm\" href=\"https:\/\/olakino.es\/es\/quiropractico-bar-halevy\/\">\n\t\t\t\t\t\t<span class=\"elementor-button-content-wrapper\">\n\t\t\t\t\t\t\t\t\t<span class=\"elementor-button-text\">M\u00e1s sobre m\u00ed<\/span>\n\t\t\t\t\t<\/span>\n\t\t\t\t\t<\/a>\n\t\t\t\t<\/div>\n\t\t\t\t\t\t\t\t<\/div>\n\t\t\t\t<\/div>\n\t\t\t\t<\/div>\n\t\t\t\t<\/div>\n\t\t\t\t<\/div>\n\t\t<div class=\"elementor-element elementor-element-bce451e e-con-full e-flex e-con e-child\" data-id=\"bce451e\" data-element_type=\"container\" data-e-type=\"container\">\n\t\t<div class=\"elementor-element elementor-element-c107b97 e-con-full e-flex e-con e-child\" data-id=\"c107b97\" data-element_type=\"container\" data-e-type=\"container\">\n\t\t<div class=\"elementor-element elementor-element-d216a15 e-con-full e-flex e-con e-child\" data-id=\"d216a15\" data-element_type=\"container\" data-e-type=\"container\">\n\t\t\t\t<div class=\"elementor-element elementor-element-d3c6abb elementor-widget elementor-widget-image\" data-id=\"d3c6abb\" data-element_type=\"widget\" data-e-type=\"widget\" data-widget_type=\"image.default\">\n\t\t\t\t<div class=\"elementor-widget-container\">\n\t\t\t\t\t\t\t\t\t\t\t\t\t\t\t<img decoding=\"async\" width=\"800\" height=\"800\" src=\"https:\/\/olakino.es\/wp-content\/uploads\/2025\/05\/DSC_3497-scaled-e1747999554470-1024x1024.jpg\" class=\"attachment-large size-large wp-image-1533\" alt=\"\" srcset=\"https:\/\/olakino.es\/wp-content\/uploads\/2025\/05\/DSC_3497-scaled-e1747999554470-1024x1024.jpg.webp 1024w, https:\/\/olakino.es\/wp-content\/uploads\/2025\/05\/DSC_3497-scaled-e1747999554470-300x300.jpg.webp 300w, https:\/\/olakino.es\/wp-content\/uploads\/2025\/05\/DSC_3497-scaled-e1747999554470-150x150.jpg.webp 150w, https:\/\/olakino.es\/wp-content\/uploads\/2025\/05\/DSC_3497-scaled-e1747999554470-768x768.jpg.webp 768w, https:\/\/olakino.es\/wp-content\/uploads\/2025\/05\/DSC_3497-scaled-e1747999554470-1536x1536.jpg.webp 1536w, https:\/\/olakino.es\/wp-content\/uploads\/2025\/05\/DSC_3497-scaled-e1747999554470-600x600.jpg.webp 600w, https:\/\/olakino.es\/wp-content\/uploads\/2025\/05\/DSC_3497-scaled-e1747999554470-100x100.jpg.webp 100w, https:\/\/olakino.es\/wp-content\/uploads\/2025\/05\/DSC_3497-scaled-e1747999554470.jpg.webp 1707w\" sizes=\"(max-width: 800px) 100vw, 800px\" \/>\t\t\t\t\t\t\t\t\t\t\t\t\t\t\t<\/div>\n\t\t\t\t<\/div>\n\t\t\t\t<\/div>\n\t\t<div class=\"elementor-element elementor-element-e2b9a5e e-con-full e-flex e-con e-child\" data-id=\"e2b9a5e\" data-element_type=\"container\" data-e-type=\"container\">\n\t\t\t\t<div class=\"elementor-element elementor-element-cfbd1ff elementor-widget elementor-widget-text-editor\" data-id=\"cfbd1ff\" data-element_type=\"widget\" data-e-type=\"widget\" data-widget_type=\"text-editor.default\">\n\t\t\t\t<div class=\"elementor-widget-container\">\n\t\t\t\t\t\t\t\t\t<p>Saga<br>Heinonen<\/p>\t\t\t\t\t\t\t\t<\/div>\n\t\t\t\t<\/div>\n\t\t\t\t<\/div>\n\t\t\t\t<\/div>\n\t\t<div class=\"elementor-element elementor-element-b12e933 e-con-full e-flex e-con e-child\" data-id=\"b12e933\" data-element_type=\"container\" data-e-type=\"container\">\n\t\t<div class=\"elementor-element elementor-element-bc35b58 e-con-full e-flex e-con e-child\" data-id=\"bc35b58\" data-element_type=\"container\" data-e-type=\"container\">\n\t\t\t\t<div class=\"elementor-element elementor-element-733468f elementor-widget elementor-widget-text-editor\" data-id=\"733468f\" data-element_type=\"widget\" data-e-type=\"widget\" data-widget_type=\"text-editor.default\">\n\t\t\t\t<div class=\"elementor-widget-container\">\n\t\t\t\t\t\t\t\t\t<p>Hola, soy Saga, quiropr\u00e1ctico con una conexi\u00f3n profunda con el movimiento y la salud integrativa.<br>Mi recorrido comenz\u00f3 en la gimnasia y continu\u00f3 a trav\u00e9s de a\u00f1os de entrenamiento, carrera y exploraci\u00f3n de la capacidad del cuerpo para adaptarse y florecer. Recibir atenci\u00f3n quiropr\u00e1ctica de forma regular durante mi infancia marc\u00f3 mi visi\u00f3n de la salud como algo que se cultiva, no solo se repara.  <\/p>\n<p>Acompa\u00f1o a cada persona de forma integral, considerando factores f\u00edsicos, emocionales y de estilo de vida que influyen en c\u00f3mo nos movemos y c\u00f3mo nos sentimos. Mi trabajo est\u00e1 guiado por la curiosidad y el deseo genuino de ayudar a las personas a reconectarse con su cuerpo de manera significativa\u2014con m\u00e1s presencia, resiliencia y vitalidad. <\/p>\t\t\t\t\t\t\t\t<\/div>\n\t\t\t\t<\/div>\n\t\t\t\t<\/div>\n\t\t<div class=\"elementor-element elementor-element-f0a1407 e-con-full e-flex e-con e-child\" data-id=\"f0a1407\" data-element_type=\"container\" data-e-type=\"container\">\n\t\t\t\t<div class=\"elementor-element elementor-element-b21d2e6 elementor-align-center elementor-widget elementor-widget-button\" data-id=\"b21d2e6\" data-element_type=\"widget\" data-e-type=\"widget\" data-widget_type=\"button.default\">\n\t\t\t\t<div class=\"elementor-widget-container\">\n\t\t\t\t\t\t\t\t\t<div class=\"elementor-button-wrapper\">\n\t\t\t\t\t<a class=\"elementor-button elementor-button-link elementor-size-sm\" href=\"https:\/\/olakino.es\/es\/saga-heinonen-quiropractico-en-palma-olakino\/\">\n\t\t\t\t\t\t<span class=\"elementor-button-content-wrapper\">\n\t\t\t\t\t\t\t\t\t<span class=\"elementor-button-text\">M\u00e1s sobre m\u00ed<\/span>\n\t\t\t\t\t<\/span>\n\t\t\t\t\t<\/a>\n\t\t\t\t<\/div>\n\t\t\t\t\t\t\t\t<\/div>\n\t\t\t\t<\/div>\n\t\t\t\t<\/div>\n\t\t\t\t<\/div>\n\t\t\t\t<\/div>\n\t\t\t\t\t<\/div>\n\t\t\t\t<\/div>\n\t\t\t\t<\/div>\n\t\t","protected":false},"excerpt":{"rendered":"<p>BarHalevy Hola, soy Bar, quiropr\u00e1ctico titulado y Profesional en Kinesiolog\u00eda Aplicada, con una profunda pasi\u00f3n por la salud hol\u00edstica. Mi b\u00fasqueda por comprender la complejidad del cuerpo humano me llev\u00f3 a obtener un m\u00e1ster de 5 a\u00f1os en Quiropr\u00e1ctica, junto con m\u00e1s de 1.000 horas de formaci\u00f3n adicional. Mi enfoque terap\u00e9utico se aleja de los [&hellip;]<\/p>\n","protected":false},"author":1,"featured_media":1532,"parent":0,"menu_order":0,"comment_status":"closed","ping_status":"closed","template":"elementor_theme","meta":{"_acf_changed":false,"_joinchat":[],"footnotes":""},"class_list":["post-4070","page","type-page","status-publish","has-post-thumbnail","hentry"],"acf":[],"_links":{"self":[{"href":"https:\/\/olakino.es\/es\/wp-json\/wp\/v2\/pages\/4070","targetHints":{"allow":["GET"]}}],"collection":[{"href":"https:\/\/olakino.es\/es\/wp-json\/wp\/v2\/pages"}],"about":[{"href":"https:\/\/olakino.es\/es\/wp-json\/wp\/v2\/types\/page"}],"author":[{"embeddable":true,"href":"https:\/\/olakino.es\/es\/wp-json\/wp\/v2\/users\/1"}],"replies":[{"embeddable":true,"href":"https:\/\/olakino.es\/es\/wp-json\/wp\/v2\/comments?post=4070"}],"version-history":[{"count":4,"href":"https:\/\/olakino.es\/es\/wp-json\/wp\/v2\/pages\/4070\/revisions"}],"predecessor-version":[{"id":4379,"href":"https:\/\/olakino.es\/es\/wp-json\/wp\/v2\/pages\/4070\/revisions\/4379"}],"wp:featuredmedia":[{"embeddable":true,"href":"https:\/\/olakino.es\/es\/wp-json\/wp\/v2\/media\/1532"}],"wp:attachment":[{"href":"https:\/\/olakino.es\/es\/wp-json\/wp\/v2\/media?parent=4070"}],"curies":[{"name":"wp","href":"https:\/\/api.w.org\/{rel}","templated":true}]}}