{"id":4035,"date":"2025-06-21T17:05:48","date_gmt":"2025-06-21T15:05:48","guid":{"rendered":"https:\/\/olakino.es\/la-primera-visita-quiropractica-olakino-quiropractica\/"},"modified":"2026-02-28T17:28:54","modified_gmt":"2026-02-28T15:28:54","slug":"la-primera-visita","status":"publish","type":"page","link":"https:\/\/olakino.es\/es\/la-primera-visita\/","title":{"rendered":"Tu primera visita quiropr\u00e1ctica en Palma | Olakino"},"content":{"rendered":"\t\t<div data-elementor-type=\"wp-page\" data-elementor-id=\"4035\" class=\"elementor elementor-4035 elementor-1768\" data-elementor-post-type=\"page\">\n\t\t\t\t<div class=\"elementor-element elementor-element-f054ad5 e-flex e-con-boxed e-con e-parent\" data-id=\"f054ad5\" data-element_type=\"container\" data-e-type=\"container\">\n\t\t\t\t\t<div class=\"e-con-inner\">\n\t\t<div class=\"elementor-element elementor-element-7750ccc e-con-full e-flex e-con e-child\" data-id=\"7750ccc\" data-element_type=\"container\" data-e-type=\"container\">\n\t\t<div class=\"elementor-element elementor-element-8c1e0fc e-con-full e-flex e-con e-child\" data-id=\"8c1e0fc\" data-element_type=\"container\" data-e-type=\"container\">\n\t\t\t\t<div class=\"elementor-element elementor-element-52ee1b5 elementor-widget elementor-widget-text-editor\" data-id=\"52ee1b5\" data-element_type=\"widget\" data-e-type=\"widget\" data-widget_type=\"text-editor.default\">\n\t\t\t\t<div class=\"elementor-widget-container\">\n\t\t\t\t\t\t\t\t\t<p class=\"\" data-start=\"188\" data-end=\"370\">Antes de tu primera sesi\u00f3n, te pedimos que traigas cualquier informe m\u00e9dico relevante, im\u00e1genes diagn\u00f3sticas o an\u00e1lisis realizados con profesionales de la salud anteriores o actuales, incluyendo resultados de an\u00e1lisis de sangre.<\/p><p class=\"\" data-start=\"372\" data-end=\"756\">La primera visita comienza con una revisi\u00f3n detallada del formulario de historial de salud que completaste previamente. Esto nos permite explorar tu situaci\u00f3n actual, antecedentes m\u00e9dicos pasados y presentes, estilo de vida, factores psicosociales, historia familiar y cualquier aspecto relevante de tu salud. Esta visi\u00f3n global es clave para identificar las \u00e1reas prioritarias de atenci\u00f3n.  <\/p><p class=\"\" data-start=\"758\" data-end=\"996\">A continuaci\u00f3n, realizamos una exploraci\u00f3n f\u00edsica para evaluar posibles limitaciones, molestias o desequilibrios. Durante esta evaluaci\u00f3n, comentamos contigo los hallazgos en tiempo real, destacando patrones, disfunciones o aspectos que requieran atenci\u00f3n. <\/p><p class=\"\" data-start=\"998\" data-end=\"1320\">El tratamiento manual comienza en esta misma visita, con un enfoque espec\u00edfico adaptado a tu principal motivo de consulta. Dentro del tiempo disponible, buscamos incorporar elementos de nuestras diferentes modalidades de atenci\u00f3n\u2014Esencial, Equilibrio y Completa\u2014para que puedas experimentar c\u00f3mo trabajamos y qu\u00e9 tipo de intervenciones podr\u00edamos utilizar en el futuro. <\/p><p>Tras el ajuste, dedicamos un momento a resumir lo realizado, hablar contigo m\u00e1s a fondo sobre tu situaci\u00f3n y repasar las opciones de cuidado disponibles. Decidimos juntos el enfoque m\u00e1s adecuado, uno que se ajuste a tus necesidades y objetivos, y que nos permita obtener los mejores resultados posibles en un plazo razonable. <\/p><p><span style=\"text-decoration: underline;\"><strong>Valoraci\u00f3n Est\u00e1ndar<\/strong><\/span><\/p><p>La Valoraci\u00f3n Est\u00e1ndar est\u00e1 recomendada para personas que desean iniciar un proceso de cuidado dentro de nuestros enfoques Essential o Balance. Es adecuada para casos m\u00e1s directos, especialmente relacionados con la columna, la postura, el movimiento o lesiones recientes. Permite el tiempo necesario para comprender el motivo principal de consulta, valorar las \u00e1reas clave, comenzar el cuidado manual y definir los siguientes pasos.  <\/p><p><span style=\"text-decoration: underline;\"><strong>Valoraci\u00f3n Extendida<\/strong><\/span><\/p><p>La Valoraci\u00f3n Extendida est\u00e1 pensada para personas con situaciones m\u00e1s complejas o de larga evoluci\u00f3n, o para quienes sienten que necesitan m\u00e1s tiempo durante la primera visita. Es especialmente adecuada cuando el caso va m\u00e1s all\u00e1 de la columna e involucra aspectos digestivos, hormonales, inmunol\u00f3gicos u otros factores sist\u00e9micos, o cuando existen m\u00faltiples \u00e1reas a explorar. Este formato permite una valoraci\u00f3n m\u00e1s profunda y una comprensi\u00f3n m\u00e1s amplia del estado de salud antes de definir el enfoque de cuidado m\u00e1s adecuado, incluido Complete Care.  <\/p>\t\t\t\t\t\t\t\t<\/div>\n\t\t\t\t<\/div>\n\t\t\t\t<\/div>\n\t\t<div class=\"elementor-element elementor-element-5c24050 e-con-full e-flex e-con e-child\" data-id=\"5c24050\" data-element_type=\"container\" data-e-type=\"container\" data-settings=\"{&quot;sticky&quot;:&quot;top&quot;,&quot;sticky_offset&quot;:150,&quot;sticky_parent&quot;:&quot;yes&quot;,&quot;sticky_on&quot;:[&quot;desktop&quot;,&quot;tablet&quot;],&quot;sticky_effects_offset&quot;:0,&quot;sticky_anchor_link_offset&quot;:0}\">\n\t\t\t\t<div class=\"elementor-element elementor-element-c1f94b9 elementor-widget elementor-widget-video\" data-id=\"c1f94b9\" data-element_type=\"widget\" data-e-type=\"widget\" data-settings=\"{&quot;youtube_url&quot;:&quot;https:\\\/\\\/www.youtube.com\\\/watch?v=aX9sqekt0P4&quot;,&quot;loop&quot;:&quot;yes&quot;,&quot;video_type&quot;:&quot;youtube&quot;,&quot;controls&quot;:&quot;yes&quot;}\" data-widget_type=\"video.default\">\n\t\t\t\t<div class=\"elementor-widget-container\">\n\t\t\t\t\t\t\t<div class=\"elementor-wrapper elementor-open-inline\">\n\t\t\t<div class=\"elementor-video\"><\/div>\t\t<\/div>\n\t\t\t\t\t\t<\/div>\n\t\t\t\t<\/div>\n\t\t\t\t<\/div>\n\t\t\t\t<\/div>\n\t\t\t\t\t<\/div>\n\t\t\t\t<\/div>\n\t\t<div class=\"elementor-element elementor-element-29c05b49 e-flex e-con-boxed e-con e-parent\" data-id=\"29c05b49\" data-element_type=\"container\" data-e-type=\"container\">\n\t\t\t\t\t<div class=\"e-con-inner\">\n\t\t\t\t<div class=\"elementor-element elementor-element-61aaf740 elementor-widget elementor-widget-button\" data-id=\"61aaf740\" data-element_type=\"widget\" data-e-type=\"widget\" data-widget_type=\"button.default\">\n\t\t\t\t<div class=\"elementor-widget-container\">\n\t\t\t\t\t\t\t\t\t<div class=\"elementor-button-wrapper\">\n\t\t\t\t\t<a class=\"elementor-button elementor-button-link elementor-size-sm\" href=\"https:\/\/olakino.es\/es\/reserva-primera-visita\/\">\n\t\t\t\t\t\t<span class=\"elementor-button-content-wrapper\">\n\t\t\t\t\t\t\t\t\t<span class=\"elementor-button-text\">RESERVA <b>EST\u00c1NDAR<\/b><\/span>\n\t\t\t\t\t<\/span>\n\t\t\t\t\t<\/a>\n\t\t\t\t<\/div>\n\t\t\t\t\t\t\t\t<\/div>\n\t\t\t\t<\/div>\n\t\t\t\t<div class=\"elementor-element elementor-element-1bccd6c elementor-widget elementor-widget-button\" data-id=\"1bccd6c\" data-element_type=\"widget\" data-e-type=\"widget\" data-widget_type=\"button.default\">\n\t\t\t\t<div class=\"elementor-widget-container\">\n\t\t\t\t\t\t\t\t\t<div class=\"elementor-button-wrapper\">\n\t\t\t\t\t<a class=\"elementor-button elementor-button-link elementor-size-sm\" href=\"https:\/\/olakino.es\/es\/reserva-primera-visita-extendida\/\">\n\t\t\t\t\t\t<span class=\"elementor-button-content-wrapper\">\n\t\t\t\t\t\t\t\t\t<span class=\"elementor-button-text\">RESERVA <b>EXTENDIDA<\/b><\/span>\n\t\t\t\t\t<\/span>\n\t\t\t\t\t<\/a>\n\t\t\t\t<\/div>\n\t\t\t\t\t\t\t\t<\/div>\n\t\t\t\t<\/div>\n\t\t\t\t\t<\/div>\n\t\t\t\t<\/div>\n\t\t\t\t<\/div>\n\t\t","protected":false},"excerpt":{"rendered":"<p>Antes de tu primera sesi\u00f3n, te pedimos que traigas cualquier informe m\u00e9dico relevante, im\u00e1genes diagn\u00f3sticas o an\u00e1lisis realizados con profesionales de la salud anteriores o actuales, incluyendo resultados de an\u00e1lisis de sangre. La primera visita comienza con una revisi\u00f3n detallada del formulario de historial de salud que completaste previamente. Esto nos permite explorar tu situaci\u00f3n [&hellip;]<\/p>\n","protected":false},"author":1,"featured_media":0,"parent":0,"menu_order":0,"comment_status":"closed","ping_status":"closed","template":"","meta":{"_acf_changed":false,"_joinchat":[],"footnotes":""},"class_list":["post-4035","page","type-page","status-publish","hentry"],"acf":[],"_links":{"self":[{"href":"https:\/\/olakino.es\/es\/wp-json\/wp\/v2\/pages\/4035","targetHints":{"allow":["GET"]}}],"collection":[{"href":"https:\/\/olakino.es\/es\/wp-json\/wp\/v2\/pages"}],"about":[{"href":"https:\/\/olakino.es\/es\/wp-json\/wp\/v2\/types\/page"}],"author":[{"embeddable":true,"href":"https:\/\/olakino.es\/es\/wp-json\/wp\/v2\/users\/1"}],"replies":[{"embeddable":true,"href":"https:\/\/olakino.es\/es\/wp-json\/wp\/v2\/comments?post=4035"}],"version-history":[{"count":9,"href":"https:\/\/olakino.es\/es\/wp-json\/wp\/v2\/pages\/4035\/revisions"}],"predecessor-version":[{"id":7468,"href":"https:\/\/olakino.es\/es\/wp-json\/wp\/v2\/pages\/4035\/revisions\/7468"}],"wp:attachment":[{"href":"https:\/\/olakino.es\/es\/wp-json\/wp\/v2\/media?parent=4035"}],"curies":[{"name":"wp","href":"https:\/\/api.w.org\/{rel}","templated":true}]}}