{"id":4023,"date":"2025-06-24T16:04:25","date_gmt":"2025-06-24T14:04:25","guid":{"rendered":"https:\/\/olakino.es\/quiropractica-para-bebes-y-ninos-olakino\/"},"modified":"2025-08-05T08:59:28","modified_gmt":"2025-08-05T06:59:28","slug":"quiropractica-para-bebes-y-ninos","status":"publish","type":"page","link":"https:\/\/olakino.es\/es\/quiropractica-para-bebes-y-ninos\/","title":{"rendered":"Quiropr\u00e1ctica para beb\u00e9s y ni\u00f1os en Palma | Olakino"},"content":{"rendered":"\t\t<div data-elementor-type=\"wp-page\" data-elementor-id=\"4023\" class=\"elementor elementor-4023 elementor-2257\" data-elementor-post-type=\"page\">\n\t\t\t\t<div class=\"elementor-element elementor-element-65d4fb6 e-flex e-con-boxed e-con e-parent\" data-id=\"65d4fb6\" data-element_type=\"container\" data-e-type=\"container\" data-settings=\"{&quot;background_background&quot;:&quot;gradient&quot;,&quot;shape_divider_bottom&quot;:&quot;mountains&quot;}\">\n\t\t\t\t\t<div class=\"e-con-inner\">\n\t\t\t\t<div class=\"elementor-shape elementor-shape-bottom\" aria-hidden=\"true\" data-negative=\"false\">\n\t\t\t<svg xmlns=\"http:\/\/www.w3.org\/2000\/svg\" viewBox=\"0 0 1000 100\" preserveAspectRatio=\"none\">\n\t<path class=\"elementor-shape-fill\" opacity=\"0.33\" d=\"M473,67.3c-203.9,88.3-263.1-34-320.3,0C66,119.1,0,59.7,0,59.7V0h1000v59.7 c0,0-62.1,26.1-94.9,29.3c-32.8,3.3-62.8-12.3-75.8-22.1C806,49.6,745.3,8.7,694.9,4.7S492.4,59,473,67.3z\"\/>\n\t<path class=\"elementor-shape-fill\" opacity=\"0.66\" d=\"M734,67.3c-45.5,0-77.2-23.2-129.1-39.1c-28.6-8.7-150.3-10.1-254,39.1 s-91.7-34.4-149.2,0C115.7,118.3,0,39.8,0,39.8V0h1000v36.5c0,0-28.2-18.5-92.1-18.5C810.2,18.1,775.7,67.3,734,67.3z\"\/>\n\t<path class=\"elementor-shape-fill\" d=\"M766.1,28.9c-200-57.5-266,65.5-395.1,19.5C242,1.8,242,5.4,184.8,20.6C128,35.8,132.3,44.9,89.9,52.5C28.6,63.7,0,0,0,0 h1000c0,0-9.9,40.9-83.6,48.1S829.6,47,766.1,28.9z\"\/>\n<\/svg>\t\t<\/div>\n\t\t\t\t<div class=\"elementor-element elementor-element-7105b23 elementor-widget elementor-widget-heading\" data-id=\"7105b23\" data-element_type=\"widget\" data-e-type=\"widget\" data-widget_type=\"heading.default\">\n\t\t\t\t<div class=\"elementor-widget-container\">\n\t\t\t\t\t<h1 class=\"elementor-heading-title elementor-size-default\">Apoya el crecimiento y el descanso de tu hijo con cuidado personalizado<\/h1>\t\t\t\t<\/div>\n\t\t\t\t<\/div>\n\t\t\t\t<div class=\"elementor-element elementor-element-2e2cc0f elementor-widget elementor-widget-text-editor\" data-id=\"2e2cc0f\" data-element_type=\"widget\" data-e-type=\"widget\" data-widget_type=\"text-editor.default\">\n\t\t\t\t<div class=\"elementor-widget-container\">\n\t\t\t\t\t\t\t\t\t<p>Los ni\u00f1os crecen r\u00e1pido, y sus cuerpos necesitan apoyo para desarrollarse con armon\u00eda. Desde el nacimiento hasta la postura, la digesti\u00f3n, el sue\u00f1o y el comportamiento, la infancia plantea desaf\u00edos tanto f\u00edsicos como neurol\u00f3gicos. En nuestra cl\u00ednica en Palma, ofrecemos un modelo integrativo que combina ajustes <strong><a href=\"https:\/\/olakino.es\/es\/quiropractica-palma\/\">quiropr\u00e1cticos<\/a><\/strong> suaves con la claridad funcional de la <a href=\"https:\/\/olakino.es\/es\/kinesiologia-aplicada-palma\/\"><strong>Kinesiolog\u00eda Aplicada<\/strong><\/a> (AK). Juntos, estos enfoques ayudan a tu hijo\/a a encontrar equilibrio, resiliencia y bienestar desde el principio.   <\/p><p><strong>C\u00f3mo ayudamos<\/strong><br>Desde la primera sesi\u00f3n, personalizamos el cuidado seg\u00fan las necesidades de tu hijo:<\/p><ul><li>Ajustes espinales ultraligeros (usando las yemas de los dedos o instrumentos delicados) para corregir la alineaci\u00f3n desde el nacimiento.<\/li><li>T\u00e9cnicas craneales y cervicales espec\u00edficas para aliviar tensiones relacionadas con el parto y reducir la presi\u00f3n que puede afectar la lactancia y el sue\u00f1o.<\/li><li>Liberaci\u00f3n de tejidos blandos para reducir tensi\u00f3n muscular, especialmente en hombros, espalda y cuello.<\/li><li>Gu\u00eda postural para apoyar hitos del desarrollo como gatear, sentarse o caminar con m\u00e1s coordinaci\u00f3n y facilidad.<\/li><\/ul><p>El paso por el canal de parto, incluso en nacimientos vaginales sin complicaciones, implica fuerzas mec\u00e1nicas importantes sobre el cuerpo del reci\u00e9n nacido. El cr\u00e1neo y la columna cervical del beb\u00e9 experimentan compresi\u00f3n y presi\u00f3n, lo que puede afectar la funci\u00f3n de los nervios craneales y la regulaci\u00f3n neurol\u00f3gica. Las desalineaciones en estas zonas pueden interferir con el nervio vago, que regula la succi\u00f3n, la degluci\u00f3n, la motilidad intestinal y la respuesta al estr\u00e9s. Esto puede manifestarse en forma de c\u00f3licos, reflujo, dificultad para prenderse al pecho, tr\u00e1nsito intestinal irregular y alteraciones del sue\u00f1o.   <\/p><p>Intervenciones como f\u00f3rceps, ventosas, parto prolongado o ces\u00e1rea pueden generar estr\u00e9s biomec\u00e1nico adicional en la cabeza y el cuello. Incluso sin lesiones evidentes, pueden aparecer desalineaciones sutiles o tensiones en los tejidos que afectan la se\u00f1alizaci\u00f3n neurol\u00f3gica y el equilibrio muscular. <\/p><p>Nuestro enfoque para beb\u00e9s se basa en liberar estas tensiones suavemente y corregir la alineaci\u00f3n con una presi\u00f3n extremadamente ligera\u2014similar a la que usar\u00edas para presionar un tomate maduro. El objetivo no es solo aliviar s\u00edntomas, sino favorecer el desarrollo neurol\u00f3gico, la autorregulaci\u00f3n y el movimiento saludable desde las primeras etapas de la vida. <\/p><p><strong>Aportes de la Kinesiolog\u00eda Aplicada<\/strong><\/p><ul><li>Utilizamos el test muscular para detectar bloqueos funcionales sutiles dentro de la tr\u00edada de salud: estructura, nutrici\u00f3n y emoci\u00f3n.<\/li><li>La AK nos ayuda a identificar molestias digestivas, carencias nutricionales o tensiones que pueden estar afectando el comportamiento o la concentraci\u00f3n.<\/li><li>Seg\u00fan los hallazgos, ofrecemos estiramientos personalizados, recomendaciones diet\u00e9ticas, t\u00e9cnicas suaves en meridianos o puntos reflejos, y estrategias de respiraci\u00f3n para apoyar una recuperaci\u00f3n m\u00e1s profunda.<\/li><li>La quiropr\u00e1ctica y la Kinesiolog\u00eda Aplicada trabajan en armon\u00eda, asegurando que tu hijo reciba apoyo en todos los niveles.<\/li><\/ul><p><b>Beneficios que puedes notar<\/b><br><span style=\"background-color: transparent;\">Los padres suelen observar cambios significativos y alentadores:<\/span><\/p><ul><li>Sue\u00f1o m\u00e1s tranquilo y reparador tras liberar tensiones craneales y alinear la columna<\/li><li>Mejor alimentaci\u00f3n y digesti\u00f3n, al reducir reflujo y c\u00f3licos<\/li><li>Menor irritabilidad y mejor estado de \u00e1nimo, gracias al equilibrio neurol\u00f3gico y emocional guiado por AK<\/li><li>Mejores hitos del desarrollo: desde un gateo m\u00e1s fluido hasta una postura y marcha m\u00e1s seguras<\/li><li>Mejora de la inmunidad, el comportamiento, la concentraci\u00f3n y la digesti\u00f3n, al apoyar tanto el sistema nervioso como los desequilibrios funcionales<\/li><\/ul><p>Tambi\u00e9n hay evidencia cl\u00ednica y casos documentados que muestran mejor\u00edas en:<\/p><ul><li>Dificultades al prenderse al pecho y problemas de lactancia<\/li><li>Malestar gastrointestinal (c\u00f3licos, estre\u00f1imiento, reflujo)<\/li><li>Asimetr\u00edas como tort\u00edcolis o plagiocefalia (cabeza plana)<\/li><li>Trastornos del sue\u00f1o e irritabilidad<\/li><li>Desequilibrios en el tono, los reflejos o los patrones de movimiento<\/li><li>Al combinar la alineaci\u00f3n estructural con la evaluaci\u00f3n funcional, ayudamos a que tu hijo se adapte, crezca y prospere con m\u00e1s confianza.<\/li><\/ul>\t\t\t\t\t\t\t\t<\/div>\n\t\t\t\t<\/div>\n\t\t\t\t<div class=\"elementor-element elementor-element-bb69454 elementor-widget elementor-widget-heading\" data-id=\"bb69454\" data-element_type=\"widget\" data-e-type=\"widget\" data-widget_type=\"heading.default\">\n\t\t\t\t<div class=\"elementor-widget-container\">\n\t\t\t\t\t<h2 class=\"elementor-heading-title elementor-size-default\">Comienza tu cuidado\n<\/h2>\t\t\t\t<\/div>\n\t\t\t\t<\/div>\n\t\t\t\t<div class=\"elementor-element elementor-element-9b4af01 elementor-widget elementor-widget-text-editor\" data-id=\"9b4af01\" data-element_type=\"widget\" data-e-type=\"widget\" data-widget_type=\"text-editor.default\">\n\t\t\t\t<div class=\"elementor-widget-container\">\n\t\t\t\t\t\t\t\t\t<p>Si tu beb\u00e9 o ni\u00f1o presenta dificultades con la alimentaci\u00f3n, c\u00f3licos, retrasos posturales, alteraciones del sue\u00f1o o se\u00f1ales de estr\u00e9s emocional, nuestro <strong>enfoque pedi\u00e1trico integrativo<\/strong> en <strong>Palma de Mallorca<\/strong> ofrece un acompa\u00f1amiento atento y eficaz. A trav\u00e9s de ajustes quiropr\u00e1cticos precisos y apropiados para su edad, junto con evaluaciones con Kinesiolog\u00eda Aplicada, apoyamos el desarrollo f\u00edsico, nutricional, emocional y neurol\u00f3gico de tu hijo con sensibilidad y profesionalismo. <\/p>\t\t\t\t\t\t\t\t<\/div>\n\t\t\t\t<\/div>\n\t\t<div class=\"elementor-element elementor-element-92c2f16 e-con-full e-flex e-con e-child\" data-id=\"92c2f16\" data-element_type=\"container\" data-e-type=\"container\">\n\t\t\t\t<div class=\"elementor-element elementor-element-6f47d6c elementor-cta--layout-image-right elementor-cta--mobile-layout-image-above elementor-cta--skin-classic elementor-animated-content elementor-bg-transform elementor-bg-transform-zoom-in elementor-widget elementor-widget-call-to-action\" data-id=\"6f47d6c\" data-element_type=\"widget\" data-e-type=\"widget\" data-widget_type=\"call-to-action.default\">\n\t\t\t\t<div class=\"elementor-widget-container\">\n\t\t\t\t\t\t\t<div class=\"elementor-cta\">\n\t\t\t\t\t<div class=\"elementor-cta__bg-wrapper\">\n\t\t\t\t<div class=\"elementor-cta__bg elementor-bg\" style=\"background-image: url(https:\/\/olakino.es\/wp-content\/uploads\/2025\/06\/IMG_2746-768x1024.jpeg);\" role=\"img\" aria-label=\"IMG_2746\"><\/div>\n\t\t\t\t<div class=\"elementor-cta__bg-overlay\"><\/div>\n\t\t\t<\/div>\n\t\t\t\t\t\t\t<div class=\"elementor-cta__content\">\n\t\t\t\t\n\t\t\t\t\t\t\t\t\t<h2 class=\"elementor-cta__title elementor-cta__content-item elementor-content-item\">\n\t\t\t\t\t\t\u00bfQuieres saber c\u00f3mo esto puede beneficiar a tu familia?\t\t\t\t\t<\/h2>\n\t\t\t\t\n\t\t\t\t\t\t\t\t\t<div class=\"elementor-cta__description elementor-cta__content-item elementor-content-item\">\n\t\t\t\t\t\tCont\u00e1ctanos para agendar una evaluaci\u00f3n suave y acogedora para tu peque\u00f1o.\t\t\t\t\t<\/div>\n\t\t\t\t\n\t\t\t\t\t\t\t\t\t<div class=\"elementor-cta__button-wrapper elementor-cta__content-item elementor-content-item \">\n\t\t\t\t\t<a class=\"elementor-cta__button elementor-button elementor-size-\" href=\"https:\/\/olakino.es\/contact-chiropractic-palma\/\">\n\t\t\t\t\t\tHaz clic aqu\u00ed\t\t\t\t\t<\/a>\n\t\t\t\t\t<\/div>\n\t\t\t\t\t\t\t<\/div>\n\t\t\t\t\t\t<\/div>\n\t\t\t\t\t\t<\/div>\n\t\t\t\t<\/div>\n\t\t\t\t<\/div>\n\t\t\t\t\t<\/div>\n\t\t\t\t<\/div>\n\t\t<div class=\"elementor-element elementor-element-972ee20 e-flex e-con-boxed e-con e-parent\" data-id=\"972ee20\" data-element_type=\"container\" data-e-type=\"container\">\n\t\t\t\t\t<div class=\"e-con-inner\">\n\t\t\t\t<div class=\"elementor-element elementor-element-c0824b3 elementor-widget elementor-widget-heading\" data-id=\"c0824b3\" data-element_type=\"widget\" data-e-type=\"widget\" data-widget_type=\"heading.default\">\n\t\t\t\t<div class=\"elementor-widget-container\">\n\t\t\t\t\t<h2 class=\"elementor-heading-title elementor-size-default\">Preguntas Frecuentes (FAQs)<\/h2>\t\t\t\t<\/div>\n\t\t\t\t<\/div>\n\t\t<div class=\"elementor-element elementor-element-aab885f e-con-full e-flex e-con e-child\" data-id=\"aab885f\" data-element_type=\"container\" data-e-type=\"container\">\n\t\t<div class=\"elementor-element elementor-element-7be5e02 e-flex e-con-boxed e-con e-child\" data-id=\"7be5e02\" data-element_type=\"container\" data-e-type=\"container\">\n\t\t\t\t\t<div class=\"e-con-inner\">\n\t\t\t\t<div class=\"elementor-element elementor-element-21c9f7e elementor-widget elementor-widget-n-accordion\" data-id=\"21c9f7e\" data-element_type=\"widget\" data-e-type=\"widget\" data-settings=\"{&quot;default_state&quot;:&quot;all_collapsed&quot;,&quot;max_items_expended&quot;:&quot;multiple&quot;,&quot;n_accordion_animation_duration&quot;:{&quot;unit&quot;:&quot;ms&quot;,&quot;size&quot;:400,&quot;sizes&quot;:[]}}\" data-widget_type=\"nested-accordion.default\">\n\t\t\t\t<div class=\"elementor-widget-container\">\n\t\t\t\t\t\t\t<div class=\"e-n-accordion\" aria-label=\"Accordion. Open links with Enter or Space, close with Escape, and navigate with Arrow Keys\">\n\t\t\t\t\t\t<details id=\"e-n-accordion-item-3540\" class=\"e-n-accordion-item\" >\n\t\t\t\t<summary class=\"e-n-accordion-item-title\" data-accordion-index=\"1\" tabindex=\"0\" aria-expanded=\"false\" aria-controls=\"e-n-accordion-item-3540\" >\n\t\t\t\t\t<span class='e-n-accordion-item-title-header'><div class=\"e-n-accordion-item-title-text\"> \u00bfLa quiropr\u00e1ctica y la Kinesiolog\u00eda Aplicada son seguras para reci\u00e9n nacidos y ni\u00f1os? <\/div><\/span>\n\t\t\t\t\t\t\t<span class='e-n-accordion-item-title-icon'>\n\t\t\t<span class='e-opened' ><svg aria-hidden=\"true\" class=\"e-font-icon-svg e-fas-minus\" viewBox=\"0 0 448 512\" xmlns=\"http:\/\/www.w3.org\/2000\/svg\"><path d=\"M416 208H32c-17.67 0-32 14.33-32 32v32c0 17.67 14.33 32 32 32h384c17.67 0 32-14.33 32-32v-32c0-17.67-14.33-32-32-32z\"><\/path><\/svg><\/span>\n\t\t\t<span class='e-closed'><svg aria-hidden=\"true\" class=\"e-font-icon-svg e-fas-plus\" viewBox=\"0 0 448 512\" xmlns=\"http:\/\/www.w3.org\/2000\/svg\"><path d=\"M416 208H272V64c0-17.67-14.33-32-32-32h-32c-17.67 0-32 14.33-32 32v144H32c-17.67 0-32 14.33-32 32v32c0 17.67 14.33 32 32 32h144v144c0 17.67 14.33 32 32 32h32c17.67 0 32-14.33 32-32V304h144c17.67 0 32-14.33 32-32v-32c0-17.67-14.33-32-32-32z\"><\/path><\/svg><\/span>\n\t\t<\/span>\n\n\t\t\t\t\t\t<\/summary>\n\t\t\t\t<div role=\"region\" aria-labelledby=\"e-n-accordion-item-3540\" class=\"elementor-element elementor-element-781e924 e-con-full e-flex e-con e-child\" data-id=\"781e924\" data-element_type=\"container\" data-e-type=\"container\">\n\t\t\t\t<div class=\"elementor-element elementor-element-c03d1d3 elementor-widget elementor-widget-text-editor\" data-id=\"c03d1d3\" data-element_type=\"widget\" data-e-type=\"widget\" data-widget_type=\"text-editor.default\">\n\t\t\t\t<div class=\"elementor-widget-container\">\n\t\t\t\t\t\t\t\t\t<p>S\u00ed. Las t\u00e9cnicas que utilizamos son extremadamente suaves y se adaptan cuidadosamente a la edad y etapa de desarrollo de tu hijo. Los ajustes quiropr\u00e1cticos en beb\u00e9s y ni\u00f1os son ligeros y precisos, y el test muscular en AK es no invasivo y c\u00f3modo. Todo est\u00e1 dise\u00f1ado para acompa\u00f1ar cuerpos en desarrollo de forma segura y respetuosa.   <\/p>\t\t\t\t\t\t\t\t<\/div>\n\t\t\t\t<\/div>\n\t\t\t\t<\/div>\n\t\t\t\t\t<\/details>\n\t\t\t\t\t\t<details id=\"e-n-accordion-item-3541\" class=\"e-n-accordion-item\" >\n\t\t\t\t<summary class=\"e-n-accordion-item-title\" data-accordion-index=\"2\" tabindex=\"-1\" aria-expanded=\"false\" aria-controls=\"e-n-accordion-item-3541\" >\n\t\t\t\t\t<span class='e-n-accordion-item-title-header'><div class=\"e-n-accordion-item-title-text\"> \u00bfQu\u00e9 condiciones puede ayudar a mejorar? <\/div><\/span>\n\t\t\t\t\t\t\t<span class='e-n-accordion-item-title-icon'>\n\t\t\t<span class='e-opened' ><svg aria-hidden=\"true\" class=\"e-font-icon-svg e-fas-minus\" viewBox=\"0 0 448 512\" xmlns=\"http:\/\/www.w3.org\/2000\/svg\"><path d=\"M416 208H32c-17.67 0-32 14.33-32 32v32c0 17.67 14.33 32 32 32h384c17.67 0 32-14.33 32-32v-32c0-17.67-14.33-32-32-32z\"><\/path><\/svg><\/span>\n\t\t\t<span class='e-closed'><svg aria-hidden=\"true\" class=\"e-font-icon-svg e-fas-plus\" viewBox=\"0 0 448 512\" xmlns=\"http:\/\/www.w3.org\/2000\/svg\"><path d=\"M416 208H272V64c0-17.67-14.33-32-32-32h-32c-17.67 0-32 14.33-32 32v144H32c-17.67 0-32 14.33-32 32v32c0 17.67 14.33 32 32 32h144v144c0 17.67 14.33 32 32 32h32c17.67 0 32-14.33 32-32V304h144c17.67 0 32-14.33 32-32v-32c0-17.67-14.33-32-32-32z\"><\/path><\/svg><\/span>\n\t\t<\/span>\n\n\t\t\t\t\t\t<\/summary>\n\t\t\t\t<div role=\"region\" aria-labelledby=\"e-n-accordion-item-3541\" class=\"elementor-element elementor-element-7704d99 e-con-full e-flex e-con e-child\" data-id=\"7704d99\" data-element_type=\"container\" data-e-type=\"container\">\n\t\t\t\t<div class=\"elementor-element elementor-element-7f85d19 elementor-widget elementor-widget-text-editor\" data-id=\"7f85d19\" data-element_type=\"widget\" data-e-type=\"widget\" data-widget_type=\"text-editor.default\">\n\t\t\t\t<div class=\"elementor-widget-container\">\n\t\t\t\t\t\t\t\t\t<p>Con frecuencia, se observan beneficios en casos de c\u00f3licos, reflujo, dificultades al alimentarse, alteraciones del sue\u00f1o, tensi\u00f3n en o\u00eddos-nariz-garganta, desaf\u00edos posturales, irritabilidad y dificultades de concentraci\u00f3n.<\/p>\t\t\t\t\t\t\t\t<\/div>\n\t\t\t\t<\/div>\n\t\t\t\t<\/div>\n\t\t\t\t\t<\/details>\n\t\t\t\t\t\t<details id=\"e-n-accordion-item-3542\" class=\"e-n-accordion-item\" >\n\t\t\t\t<summary class=\"e-n-accordion-item-title\" data-accordion-index=\"3\" tabindex=\"-1\" aria-expanded=\"false\" aria-controls=\"e-n-accordion-item-3542\" >\n\t\t\t\t\t<span class='e-n-accordion-item-title-header'><div class=\"e-n-accordion-item-title-text\"> \u00bfCu\u00e1ntas sesiones se necesitan? <\/div><\/span>\n\t\t\t\t\t\t\t<span class='e-n-accordion-item-title-icon'>\n\t\t\t<span class='e-opened' ><svg aria-hidden=\"true\" class=\"e-font-icon-svg e-fas-minus\" viewBox=\"0 0 448 512\" xmlns=\"http:\/\/www.w3.org\/2000\/svg\"><path d=\"M416 208H32c-17.67 0-32 14.33-32 32v32c0 17.67 14.33 32 32 32h384c17.67 0 32-14.33 32-32v-32c0-17.67-14.33-32-32-32z\"><\/path><\/svg><\/span>\n\t\t\t<span class='e-closed'><svg aria-hidden=\"true\" class=\"e-font-icon-svg e-fas-plus\" viewBox=\"0 0 448 512\" xmlns=\"http:\/\/www.w3.org\/2000\/svg\"><path d=\"M416 208H272V64c0-17.67-14.33-32-32-32h-32c-17.67 0-32 14.33-32 32v144H32c-17.67 0-32 14.33-32 32v32c0 17.67 14.33 32 32 32h144v144c0 17.67 14.33 32 32 32h32c17.67 0 32-14.33 32-32V304h144c17.67 0 32-14.33 32-32v-32c0-17.67-14.33-32-32-32z\"><\/path><\/svg><\/span>\n\t\t<\/span>\n\n\t\t\t\t\t\t<\/summary>\n\t\t\t\t<div role=\"region\" aria-labelledby=\"e-n-accordion-item-3542\" class=\"elementor-element elementor-element-097e260 e-con-full e-flex e-con e-child\" data-id=\"097e260\" data-element_type=\"container\" data-e-type=\"container\">\n\t\t\t\t<div class=\"elementor-element elementor-element-b09cd78 elementor-widget elementor-widget-text-editor\" data-id=\"b09cd78\" data-element_type=\"widget\" data-e-type=\"widget\" data-widget_type=\"text-editor.default\">\n\t\t\t\t<div class=\"elementor-widget-container\">\n\t\t\t\t\t\t\t\t\t<p>La mayor\u00eda de los ni\u00f1os comienza con una evaluaci\u00f3n inicial y dos sesiones de seguimiento. Cada plan se adapta seg\u00fan las necesidades cambiantes y los resultados obtenidos a trav\u00e9s de AK. <\/p>\t\t\t\t\t\t\t\t<\/div>\n\t\t\t\t<\/div>\n\t\t\t\t<\/div>\n\t\t\t\t\t<\/details>\n\t\t\t\t\t\t<details id=\"e-n-accordion-item-3543\" class=\"e-n-accordion-item\" >\n\t\t\t\t<summary class=\"e-n-accordion-item-title\" data-accordion-index=\"4\" tabindex=\"-1\" aria-expanded=\"false\" aria-controls=\"e-n-accordion-item-3543\" >\n\t\t\t\t\t<span class='e-n-accordion-item-title-header'><div class=\"e-n-accordion-item-title-text\"> \u00bfEsto puede ayudar con el comportamiento o el aprendizaje? <\/div><\/span>\n\t\t\t\t\t\t\t<span class='e-n-accordion-item-title-icon'>\n\t\t\t<span class='e-opened' ><svg aria-hidden=\"true\" class=\"e-font-icon-svg e-fas-minus\" viewBox=\"0 0 448 512\" xmlns=\"http:\/\/www.w3.org\/2000\/svg\"><path d=\"M416 208H32c-17.67 0-32 14.33-32 32v32c0 17.67 14.33 32 32 32h384c17.67 0 32-14.33 32-32v-32c0-17.67-14.33-32-32-32z\"><\/path><\/svg><\/span>\n\t\t\t<span class='e-closed'><svg aria-hidden=\"true\" class=\"e-font-icon-svg e-fas-plus\" viewBox=\"0 0 448 512\" xmlns=\"http:\/\/www.w3.org\/2000\/svg\"><path d=\"M416 208H272V64c0-17.67-14.33-32-32-32h-32c-17.67 0-32 14.33-32 32v144H32c-17.67 0-32 14.33-32 32v32c0 17.67 14.33 32 32 32h144v144c0 17.67 14.33 32 32 32h32c17.67 0 32-14.33 32-32V304h144c17.67 0 32-14.33 32-32v-32c0-17.67-14.33-32-32-32z\"><\/path><\/svg><\/span>\n\t\t<\/span>\n\n\t\t\t\t\t\t<\/summary>\n\t\t\t\t<div role=\"region\" aria-labelledby=\"e-n-accordion-item-3543\" class=\"elementor-element elementor-element-b91e120 e-con-full e-flex e-con e-child\" data-id=\"b91e120\" data-element_type=\"container\" data-e-type=\"container\">\n\t\t\t\t<div class=\"elementor-element elementor-element-c3be3f9 elementor-widget elementor-widget-text-editor\" data-id=\"c3be3f9\" data-element_type=\"widget\" data-e-type=\"widget\" data-widget_type=\"text-editor.default\">\n\t\t\t\t<div class=\"elementor-widget-container\">\n\t\t\t\t\t\t\t\t\t<p>La AK revela patrones neuromusculares y nutricionales que pueden afectar la concentraci\u00f3n o el estado de \u00e1nimo. Apoyar estas \u00e1reas puede contribuir a mejorar el comportamiento y facilitar el aprendizaje con el tiempo.<\/p>\t\t\t\t\t\t\t\t<\/div>\n\t\t\t\t<\/div>\n\t\t\t\t<\/div>\n\t\t\t\t\t<\/details>\n\t\t\t\t\t<\/div>\n\t\t\t\t\t\t<\/div>\n\t\t\t\t<\/div>\n\t\t\t\t\t<\/div>\n\t\t\t\t<\/div>\n\t\t\t\t<\/div>\n\t\t\t\t\t<\/div>\n\t\t\t\t<\/div>\n\t\t<div class=\"elementor-element elementor-element-36acd30 e-flex e-con-boxed e-con e-parent\" data-id=\"36acd30\" data-element_type=\"container\" data-e-type=\"container\">\n\t\t\t\t\t<div class=\"e-con-inner\">\n\t\t\t\t\t<\/div>\n\t\t\t\t<\/div>\n\t\t\t\t<\/div>\n\t\t","protected":false},"excerpt":{"rendered":"<p>Los ni\u00f1os crecen r\u00e1pido, y sus cuerpos necesitan apoyo para desarrollarse con armon\u00eda. Desde el nacimiento hasta la postura, la digesti\u00f3n, el sue\u00f1o y el comportamiento, la infancia plantea desaf\u00edos tanto f\u00edsicos como neurol\u00f3gicos. En nuestra cl\u00ednica en Palma, ofrecemos un modelo integrativo que combina ajustes quiropr\u00e1cticos suaves con la claridad funcional de la Kinesiolog\u00eda [&hellip;]<\/p>\n","protected":false},"author":1,"featured_media":1536,"parent":0,"menu_order":0,"comment_status":"closed","ping_status":"closed","template":"elementor_theme","meta":{"_acf_changed":false,"_joinchat":[],"footnotes":""},"class_list":["post-4023","page","type-page","status-publish","has-post-thumbnail","hentry"],"acf":[],"_links":{"self":[{"href":"https:\/\/olakino.es\/es\/wp-json\/wp\/v2\/pages\/4023","targetHints":{"allow":["GET"]}}],"collection":[{"href":"https:\/\/olakino.es\/es\/wp-json\/wp\/v2\/pages"}],"about":[{"href":"https:\/\/olakino.es\/es\/wp-json\/wp\/v2\/types\/page"}],"author":[{"embeddable":true,"href":"https:\/\/olakino.es\/es\/wp-json\/wp\/v2\/users\/1"}],"replies":[{"embeddable":true,"href":"https:\/\/olakino.es\/es\/wp-json\/wp\/v2\/comments?post=4023"}],"version-history":[{"count":5,"href":"https:\/\/olakino.es\/es\/wp-json\/wp\/v2\/pages\/4023\/revisions"}],"predecessor-version":[{"id":4505,"href":"https:\/\/olakino.es\/es\/wp-json\/wp\/v2\/pages\/4023\/revisions\/4505"}],"wp:featuredmedia":[{"embeddable":true,"href":"https:\/\/olakino.es\/es\/wp-json\/wp\/v2\/media\/1536"}],"wp:attachment":[{"href":"https:\/\/olakino.es\/es\/wp-json\/wp\/v2\/media?parent=4023"}],"curies":[{"name":"wp","href":"https:\/\/api.w.org\/{rel}","templated":true}]}}