{"id":4016,"date":"2025-06-24T16:04:05","date_gmt":"2025-06-24T14:04:05","guid":{"rendered":"https:\/\/olakino.es\/quiropractica-y-salud-reproductiva-olakino\/"},"modified":"2025-08-05T09:02:01","modified_gmt":"2025-08-05T07:02:01","slug":"quiropractica-y-salud-reproductiva","status":"publish","type":"page","link":"https:\/\/olakino.es\/es\/quiropractica-y-salud-reproductiva\/","title":{"rendered":"Quiropr\u00e1ctica y salud reproductiva en Palma | Olakino"},"content":{"rendered":"\t\t<div data-elementor-type=\"wp-page\" data-elementor-id=\"4016\" class=\"elementor elementor-4016 elementor-2259\" data-elementor-post-type=\"page\">\n\t\t\t\t<div class=\"elementor-element elementor-element-0dfb4c6 e-flex e-con-boxed e-con e-parent\" data-id=\"0dfb4c6\" data-element_type=\"container\" data-e-type=\"container\" data-settings=\"{&quot;background_background&quot;:&quot;gradient&quot;,&quot;shape_divider_bottom&quot;:&quot;mountains&quot;}\">\n\t\t\t\t\t<div class=\"e-con-inner\">\n\t\t\t\t<div class=\"elementor-shape elementor-shape-bottom\" aria-hidden=\"true\" data-negative=\"false\">\n\t\t\t<svg xmlns=\"http:\/\/www.w3.org\/2000\/svg\" viewBox=\"0 0 1000 100\" preserveAspectRatio=\"none\">\n\t<path class=\"elementor-shape-fill\" opacity=\"0.33\" d=\"M473,67.3c-203.9,88.3-263.1-34-320.3,0C66,119.1,0,59.7,0,59.7V0h1000v59.7 c0,0-62.1,26.1-94.9,29.3c-32.8,3.3-62.8-12.3-75.8-22.1C806,49.6,745.3,8.7,694.9,4.7S492.4,59,473,67.3z\"\/>\n\t<path class=\"elementor-shape-fill\" opacity=\"0.66\" d=\"M734,67.3c-45.5,0-77.2-23.2-129.1-39.1c-28.6-8.7-150.3-10.1-254,39.1 s-91.7-34.4-149.2,0C115.7,118.3,0,39.8,0,39.8V0h1000v36.5c0,0-28.2-18.5-92.1-18.5C810.2,18.1,775.7,67.3,734,67.3z\"\/>\n\t<path class=\"elementor-shape-fill\" d=\"M766.1,28.9c-200-57.5-266,65.5-395.1,19.5C242,1.8,242,5.4,184.8,20.6C128,35.8,132.3,44.9,89.9,52.5C28.6,63.7,0,0,0,0 h1000c0,0-9.9,40.9-83.6,48.1S829.6,47,766.1,28.9z\"\/>\n<\/svg>\t\t<\/div>\n\t\t\t\t<div class=\"elementor-element elementor-element-2110aa6 elementor-widget elementor-widget-heading\" data-id=\"2110aa6\" data-element_type=\"widget\" data-e-type=\"widget\" data-widget_type=\"heading.default\">\n\t\t\t\t<div class=\"elementor-widget-container\">\n\t\t\t\t\t<h1 class=\"elementor-heading-title elementor-size-default\">Recupera el equilibrio hormonal con un cuidado que se adapta a tu ciclo<\/h1>\t\t\t\t<\/div>\n\t\t\t\t<\/div>\n\t\t\t\t<div class=\"elementor-element elementor-element-e80f9f8 elementor-widget elementor-widget-text-editor\" data-id=\"e80f9f8\" data-element_type=\"widget\" data-e-type=\"widget\" data-widget_type=\"text-editor.default\">\n\t\t\t\t<div class=\"elementor-widget-container\">\n\t\t\t\t\t\t\t\t\t<p>Para quienes desean apoyar su salud reproductiva\u2014ya sea frente a desaf\u00edos de fertilidad, en preparaci\u00f3n para la concepci\u00f3n o para favorecer un ciclo m\u00e1s equilibrado\u2014la integridad de la columna, la pelvis y el sistema nervioso desempe\u00f1a un papel fundamental. La tensi\u00f3n o desalineaci\u00f3n en estas zonas puede alterar sutilmente la comunicaci\u00f3n con los \u00f3rganos reproductivos, interferir en la se\u00f1alizaci\u00f3n hormonal y aumentar la respuesta al estr\u00e9s.<br>En nuestra cl\u00ednica de Palma, ofrecemos un enfoque profundamente integrativo: ajustes <a href=\"https:\/\/olakino.es\/es\/quiropractica-palma\/\"><strong>quiropr\u00e1cticos<\/strong><\/a> precisos respaldados por la claridad funcional de la <a href=\"https:\/\/olakino.es\/es\/kinesiologia-aplicada-palma\/\"><strong>Kinesiolog\u00eda Aplicada<\/strong><\/a> (AK). Juntas, estas herramientas sientan una base s\u00f3lida para el bienestar reproductivo.   <\/p><p>Los buenos resultados en fertilidad y <a href=\"https:\/\/olakino.es\/es\/quiropractica-durante-el-embarazo\/\"><strong>embarazo<\/strong><\/a> dependen de la interacci\u00f3n entre factores hormonales, neurol\u00f3gicos y estructurales. La quiropr\u00e1ctica favorece el funcionamiento natural del cuerpo al corregir desalineaciones que pueden interferir con la se\u00f1alizaci\u00f3n nerviosa, el flujo sangu\u00edneo y el equilibrio hormonal tanto en mujeres como en hombres. <\/p><p><strong>C\u00f3mo te ayudamos<br><\/strong>Nuestro enfoque aborda tanto la estructura como la funci\u00f3n:<\/p><p><span style=\"text-decoration: underline;\">Alineaci\u00f3n quiropr\u00e1ctica<\/span><br>Comenzamos con ajustes espec\u00edficos de la columna y la pelvis, adaptados a las necesidades relacionadas con la salud reproductiva. Estas t\u00e9cnicas ayudan a liberar tensiones en la zona sacra y lumbar baja, directamente vinculadas con trayectos nerviosos hacia los \u00f3rganos reproductivos. Tambi\u00e9n trabajamos con estrategias de realineaci\u00f3n sacroil\u00edaca y p\u00e9lvica, incluyendo m\u00e9todos similares a la T\u00e9cnica Webster, para favorecer una estructura \u00f3ptima y una posici\u00f3n saludable de los \u00f3rganos de cara a la concepci\u00f3n.  <\/p><p>En hombres, las subluxaciones espinales\u2014sobre todo en las zonas cervical alta y tor\u00e1cica\u2014pueden afectar el eje hipot\u00e1lamo-hip\u00f3fisis-g\u00f3nadas (HPG), responsable de regular hormonas clave como la FSH y la LH. Estas hormonas son fundamentales para la producci\u00f3n de esperma, la regulaci\u00f3n de testosterona y la libido. Al cuidar la integridad del sistema nervioso y espinal, la quiropr\u00e1ctica puede contribuir al equilibrio hormonal y a mejores resultados reproductivos.  <\/p><p>La quiropr\u00e1ctica tambi\u00e9n puede influir en la inflamaci\u00f3n sist\u00e9mica y el estr\u00e9s oxidativo, dos factores asociados a la fragmentaci\u00f3n del ADN esperm\u00e1tico (SDF), condici\u00f3n vinculada a la infertilidad masculina y p\u00e9rdidas gestacionales recurrentes. Cuidar la salud espinal y reducir el estr\u00e9s del sistema nervioso puede ayudar a modular estas causas subyacentes. <\/p><p><span style=\"text-decoration: underline;\">Kinesiolog\u00eda Aplicada<\/span><br>La AK aporta una capa adicional de claridad. A trav\u00e9s del test muscular manual, evaluamos patrones de tensi\u00f3n o debilidad muscular, estado nutricional, estr\u00e9s del sistema nervioso y factores emocionales. Esto nos ayuda a identificar influencias profundas detr\u00e1s de ciclos irregulares, molestias p\u00e9lvicas o desequilibrios hormonales.   <br>Seg\u00fan los resultados, podemos recomendar:<\/p><ul><li>Ejercicios espec\u00edficos para la postura o la movilidad p\u00e9lvica<\/li><li>Gu\u00edas nutricionales que apoyen el h\u00edgado, las gl\u00e1ndulas suprarrenales o la salud hormonal<\/li><li>T\u00e9cnicas de meridianos o puntos energ\u00e9ticos para liberar tensi\u00f3n emocional u org\u00e1nica<\/li><li>T\u00e9cnicas de liberaci\u00f3n craneal\/p\u00e9lvica para favorecer la movilidad y la se\u00f1alizaci\u00f3n nerviosa<\/li><\/ul><p>Al combinar la alineaci\u00f3n estructural con una evaluaci\u00f3n funcional detallada, nuestro plan de atenci\u00f3n favorece el flujo nervioso eficiente, el buen funcionamiento de los \u00f3rganos y una integraci\u00f3n sist\u00e9mica m\u00e1s s\u00f3lida.<\/p><p><strong>Beneficios que puedes experimentar<\/strong><br>Las personas que buscan apoyo en salud reproductiva suelen notar cambios significativos:<\/p><ul><li>Ciclos menstruales m\u00e1s regulares, con menos s\u00edntomas como dolor o s\u00edndrome premenstrual<\/li><li>Mejor alineaci\u00f3n p\u00e9lvica, favoreciendo tanto la comodidad como la preparaci\u00f3n funcional<\/li><li>Mayor flujo sangu\u00edneo y comunicaci\u00f3n nerviosa con los \u00f3rganos reproductivos<\/li><li>Menor inflamaci\u00f3n y estr\u00e9s sist\u00e9mico, favoreciendo una fisiolog\u00eda f\u00e9rtil<\/li><li>Mejor calidad esperm\u00e1tica y equilibrio hormonal en hombres<\/li><li>M\u00e1s energ\u00eda y estabilidad emocional, creando un entorno \u00f3ptimo para la concepci\u00f3n<\/li><li>Mayor soporte en el desarrollo placentario, un proceso influido significativamente por la gen\u00e9tica paterna<\/li><\/ul><p>Al abordar tanto la estructura mec\u00e1nica como la funci\u00f3n neuromuscular, creamos un entorno din\u00e1mico y de apoyo para el bienestar reproductivo.<\/p>\t\t\t\t\t\t\t\t<\/div>\n\t\t\t\t<\/div>\n\t\t\t\t<div class=\"elementor-element elementor-element-890e428 elementor-widget elementor-widget-heading\" data-id=\"890e428\" data-element_type=\"widget\" data-e-type=\"widget\" data-widget_type=\"heading.default\">\n\t\t\t\t<div class=\"elementor-widget-container\">\n\t\t\t\t\t<h2 class=\"elementor-heading-title elementor-size-default\">Comienza tu cuidado\n<\/h2>\t\t\t\t<\/div>\n\t\t\t\t<\/div>\n\t\t\t\t<div class=\"elementor-element elementor-element-e50db30 elementor-widget elementor-widget-text-editor\" data-id=\"e50db30\" data-element_type=\"widget\" data-e-type=\"widget\" data-widget_type=\"text-editor.default\">\n\t\t\t\t<div class=\"elementor-widget-container\">\n\t\t\t\t\t\t\t\t\t<p>Si est\u00e1s prepar\u00e1ndote para concebir, buscando equilibrio hormonal o acompa\u00f1ando tratamientos de fertilidad, nuestro programa integrativo de quiropr\u00e1ctica + AK ofrece un enfoque personalizado, riguroso y profundamente humano. Al restaurar la alineaci\u00f3n y descifrar las se\u00f1ales \u00fanicas de tu cuerpo, trabajamos contigo para potenciar la preparaci\u00f3n, el equilibrio hormonal y la resiliencia\u2014para ambos miembros de la pareja\u2014en este camino hacia la fertilidad. <\/p>\t\t\t\t\t\t\t\t<\/div>\n\t\t\t\t<\/div>\n\t\t<div class=\"elementor-element elementor-element-296bd08 e-con-full e-flex e-con e-child\" data-id=\"296bd08\" data-element_type=\"container\" data-e-type=\"container\">\n\t\t\t\t<div class=\"elementor-element elementor-element-a79298d elementor-cta--layout-image-right elementor-cta--mobile-layout-image-above elementor-cta--skin-classic elementor-animated-content elementor-bg-transform elementor-bg-transform-zoom-in elementor-widget elementor-widget-call-to-action\" data-id=\"a79298d\" data-element_type=\"widget\" data-e-type=\"widget\" data-widget_type=\"call-to-action.default\">\n\t\t\t\t<div class=\"elementor-widget-container\">\n\t\t\t\t\t\t\t<div class=\"elementor-cta\">\n\t\t\t\t\t<div class=\"elementor-cta__bg-wrapper\">\n\t\t\t\t<div class=\"elementor-cta__bg elementor-bg\" style=\"background-image: url(https:\/\/olakino.es\/wp-content\/uploads\/2025\/04\/Home-what-sets-us-apart-scaled-1-768x1024.jpg);\" role=\"img\" aria-label=\"Home-what-sets-us-apart-scaled-1.jpg\"><\/div>\n\t\t\t\t<div class=\"elementor-cta__bg-overlay\"><\/div>\n\t\t\t<\/div>\n\t\t\t\t\t\t\t<div class=\"elementor-cta__content\">\n\t\t\t\t\n\t\t\t\t\t\t\t\t\t<h2 class=\"elementor-cta__title elementor-cta__content-item elementor-content-item\">\n\t\t\t\t\t\t\u00bfNo sabes por d\u00f3nde empezar?\t\t\t\t\t<\/h2>\n\t\t\t\t\n\t\t\t\t\t\t\t\t\t<div class=\"elementor-cta__description elementor-cta__content-item elementor-content-item\">\n\t\t\t\t\t\tCont\u00e1ctanos para agendar una evaluaci\u00f3n tranquila y personalizada, orientada a tus objetivos reproductivos y al potencial de tu cuerpo.\t\t\t\t\t<\/div>\n\t\t\t\t\n\t\t\t\t\t\t\t\t\t<div class=\"elementor-cta__button-wrapper elementor-cta__content-item elementor-content-item \">\n\t\t\t\t\t<a class=\"elementor-cta__button elementor-button elementor-size-\" href=\"https:\/\/olakino.es\/contact-chiropractic-palma\/\">\n\t\t\t\t\t\tHaz clic aqu\u00ed\t\t\t\t\t<\/a>\n\t\t\t\t\t<\/div>\n\t\t\t\t\t\t\t<\/div>\n\t\t\t\t\t\t<\/div>\n\t\t\t\t\t\t<\/div>\n\t\t\t\t<\/div>\n\t\t\t\t<\/div>\n\t\t\t\t\t<\/div>\n\t\t\t\t<\/div>\n\t\t<div class=\"elementor-element elementor-element-dc93320 e-flex e-con-boxed e-con e-parent\" data-id=\"dc93320\" data-element_type=\"container\" data-e-type=\"container\">\n\t\t\t\t\t<div class=\"e-con-inner\">\n\t\t\t\t<div class=\"elementor-element elementor-element-15ac13e elementor-widget elementor-widget-heading\" data-id=\"15ac13e\" data-element_type=\"widget\" data-e-type=\"widget\" data-widget_type=\"heading.default\">\n\t\t\t\t<div class=\"elementor-widget-container\">\n\t\t\t\t\t<h2 class=\"elementor-heading-title elementor-size-default\">Preguntas Frecuentes (FAQs)<\/h2>\t\t\t\t<\/div>\n\t\t\t\t<\/div>\n\t\t<div class=\"elementor-element elementor-element-52d0c93 e-con-full e-flex e-con e-child\" data-id=\"52d0c93\" data-element_type=\"container\" data-e-type=\"container\">\n\t\t<div class=\"elementor-element elementor-element-105518a e-flex e-con-boxed e-con e-child\" data-id=\"105518a\" data-element_type=\"container\" data-e-type=\"container\">\n\t\t\t\t\t<div class=\"e-con-inner\">\n\t\t\t\t<div class=\"elementor-element elementor-element-869b898 elementor-widget elementor-widget-n-accordion\" data-id=\"869b898\" data-element_type=\"widget\" data-e-type=\"widget\" data-settings=\"{&quot;default_state&quot;:&quot;all_collapsed&quot;,&quot;max_items_expended&quot;:&quot;multiple&quot;,&quot;n_accordion_animation_duration&quot;:{&quot;unit&quot;:&quot;ms&quot;,&quot;size&quot;:400,&quot;sizes&quot;:[]}}\" data-widget_type=\"nested-accordion.default\">\n\t\t\t\t<div class=\"elementor-widget-container\">\n\t\t\t\t\t\t\t<div class=\"e-n-accordion\" aria-label=\"Accordion. Open links with Enter or Space, close with Escape, and navigate with Arrow Keys\">\n\t\t\t\t\t\t<details id=\"e-n-accordion-item-1410\" class=\"e-n-accordion-item\" >\n\t\t\t\t<summary class=\"e-n-accordion-item-title\" data-accordion-index=\"1\" tabindex=\"0\" aria-expanded=\"false\" aria-controls=\"e-n-accordion-item-1410\" >\n\t\t\t\t\t<span class='e-n-accordion-item-title-header'><div class=\"e-n-accordion-item-title-text\"> \u00bfLa quiropr\u00e1ctica y la Kinesiolog\u00eda Aplicada realmente pueden apoyar la fertilidad? <\/div><\/span>\n\t\t\t\t\t\t\t<span class='e-n-accordion-item-title-icon'>\n\t\t\t<span class='e-opened' ><svg aria-hidden=\"true\" class=\"e-font-icon-svg e-fas-minus\" viewBox=\"0 0 448 512\" xmlns=\"http:\/\/www.w3.org\/2000\/svg\"><path d=\"M416 208H32c-17.67 0-32 14.33-32 32v32c0 17.67 14.33 32 32 32h384c17.67 0 32-14.33 32-32v-32c0-17.67-14.33-32-32-32z\"><\/path><\/svg><\/span>\n\t\t\t<span class='e-closed'><svg aria-hidden=\"true\" class=\"e-font-icon-svg e-fas-plus\" viewBox=\"0 0 448 512\" xmlns=\"http:\/\/www.w3.org\/2000\/svg\"><path d=\"M416 208H272V64c0-17.67-14.33-32-32-32h-32c-17.67 0-32 14.33-32 32v144H32c-17.67 0-32 14.33-32 32v32c0 17.67 14.33 32 32 32h144v144c0 17.67 14.33 32 32 32h32c17.67 0 32-14.33 32-32V304h144c17.67 0 32-14.33 32-32v-32c0-17.67-14.33-32-32-32z\"><\/path><\/svg><\/span>\n\t\t<\/span>\n\n\t\t\t\t\t\t<\/summary>\n\t\t\t\t<div role=\"region\" aria-labelledby=\"e-n-accordion-item-1410\" class=\"elementor-element elementor-element-6f85abf e-con-full e-flex e-con e-child\" data-id=\"6f85abf\" data-element_type=\"container\" data-e-type=\"container\">\n\t\t\t\t<div class=\"elementor-element elementor-element-8fb110c elementor-widget elementor-widget-text-editor\" data-id=\"8fb110c\" data-element_type=\"widget\" data-e-type=\"widget\" data-widget_type=\"text-editor.default\">\n\t\t\t\t<div class=\"elementor-widget-container\">\n\t\t\t\t\t\t\t\t\t<p>S\u00ed. Al realinear la columna y la pelvis y mejorar la se\u00f1alizaci\u00f3n nerviosa, la quiropr\u00e1ctica ayuda al cuerpo a mantener una comunicaci\u00f3n saludable, esencial para el equilibrio hormonal y reproductivo. La Kinesiolog\u00eda Aplicada afina a\u00fan m\u00e1s el cuidado al detectar tensiones musculares, carencias nutricionales o estr\u00e9s emocional que pueden estar afectando la funci\u00f3n reproductiva. En hombres, el apoyo al eje HPG, la producci\u00f3n hormonal y la calidad esperm\u00e1tica tambi\u00e9n puede desempe\u00f1ar un papel fundamental.   <\/p>\t\t\t\t\t\t\t\t<\/div>\n\t\t\t\t<\/div>\n\t\t\t\t<\/div>\n\t\t\t\t\t<\/details>\n\t\t\t\t\t\t<details id=\"e-n-accordion-item-1411\" class=\"e-n-accordion-item\" >\n\t\t\t\t<summary class=\"e-n-accordion-item-title\" data-accordion-index=\"2\" tabindex=\"-1\" aria-expanded=\"false\" aria-controls=\"e-n-accordion-item-1411\" >\n\t\t\t\t\t<span class='e-n-accordion-item-title-header'><div class=\"e-n-accordion-item-title-text\"> \u00bfCu\u00e1ndo deber\u00eda comenzar el cuidado? <\/div><\/span>\n\t\t\t\t\t\t\t<span class='e-n-accordion-item-title-icon'>\n\t\t\t<span class='e-opened' ><svg aria-hidden=\"true\" class=\"e-font-icon-svg e-fas-minus\" viewBox=\"0 0 448 512\" xmlns=\"http:\/\/www.w3.org\/2000\/svg\"><path d=\"M416 208H32c-17.67 0-32 14.33-32 32v32c0 17.67 14.33 32 32 32h384c17.67 0 32-14.33 32-32v-32c0-17.67-14.33-32-32-32z\"><\/path><\/svg><\/span>\n\t\t\t<span class='e-closed'><svg aria-hidden=\"true\" class=\"e-font-icon-svg e-fas-plus\" viewBox=\"0 0 448 512\" xmlns=\"http:\/\/www.w3.org\/2000\/svg\"><path d=\"M416 208H272V64c0-17.67-14.33-32-32-32h-32c-17.67 0-32 14.33-32 32v144H32c-17.67 0-32 14.33-32 32v32c0 17.67 14.33 32 32 32h144v144c0 17.67 14.33 32 32 32h32c17.67 0 32-14.33 32-32V304h144c17.67 0 32-14.33 32-32v-32c0-17.67-14.33-32-32-32z\"><\/path><\/svg><\/span>\n\t\t<\/span>\n\n\t\t\t\t\t\t<\/summary>\n\t\t\t\t<div role=\"region\" aria-labelledby=\"e-n-accordion-item-1411\" class=\"elementor-element elementor-element-7f729f3 e-con-full e-flex e-con e-child\" data-id=\"7f729f3\" data-element_type=\"container\" data-e-type=\"container\">\n\t\t\t\t<div class=\"elementor-element elementor-element-7680d50 elementor-widget elementor-widget-text-editor\" data-id=\"7680d50\" data-element_type=\"widget\" data-e-type=\"widget\" data-widget_type=\"text-editor.default\">\n\t\t\t\t<div class=\"elementor-widget-container\">\n\t\t\t\t\t\t\t\t\t<p>Idealmente, antes de la concepci\u00f3n o entre tres y seis meses antes de intentarlo. Este margen permite que el cuerpo integre mejor el equilibrio estructural, la regulaci\u00f3n hormonal y la coordinaci\u00f3n neuromuscular. Dicho esto, los beneficios pueden verse en cualquier etapa, incluso durante tratamientos de fertilidad activos.  <\/p>\t\t\t\t\t\t\t\t<\/div>\n\t\t\t\t<\/div>\n\t\t\t\t<\/div>\n\t\t\t\t\t<\/details>\n\t\t\t\t\t\t<details id=\"e-n-accordion-item-1412\" class=\"e-n-accordion-item\" >\n\t\t\t\t<summary class=\"e-n-accordion-item-title\" data-accordion-index=\"3\" tabindex=\"-1\" aria-expanded=\"false\" aria-controls=\"e-n-accordion-item-1412\" >\n\t\t\t\t\t<span class='e-n-accordion-item-title-header'><div class=\"e-n-accordion-item-title-text\"> \u00bfEs seguro combinarlo con tratamientos de fertilidad? <\/div><\/span>\n\t\t\t\t\t\t\t<span class='e-n-accordion-item-title-icon'>\n\t\t\t<span class='e-opened' ><svg aria-hidden=\"true\" class=\"e-font-icon-svg e-fas-minus\" viewBox=\"0 0 448 512\" xmlns=\"http:\/\/www.w3.org\/2000\/svg\"><path d=\"M416 208H32c-17.67 0-32 14.33-32 32v32c0 17.67 14.33 32 32 32h384c17.67 0 32-14.33 32-32v-32c0-17.67-14.33-32-32-32z\"><\/path><\/svg><\/span>\n\t\t\t<span class='e-closed'><svg aria-hidden=\"true\" class=\"e-font-icon-svg e-fas-plus\" viewBox=\"0 0 448 512\" xmlns=\"http:\/\/www.w3.org\/2000\/svg\"><path d=\"M416 208H272V64c0-17.67-14.33-32-32-32h-32c-17.67 0-32 14.33-32 32v144H32c-17.67 0-32 14.33-32 32v32c0 17.67 14.33 32 32 32h144v144c0 17.67 14.33 32 32 32h32c17.67 0 32-14.33 32-32V304h144c17.67 0 32-14.33 32-32v-32c0-17.67-14.33-32-32-32z\"><\/path><\/svg><\/span>\n\t\t<\/span>\n\n\t\t\t\t\t\t<\/summary>\n\t\t\t\t<div role=\"region\" aria-labelledby=\"e-n-accordion-item-1412\" class=\"elementor-element elementor-element-bf15976 e-con-full e-flex e-con e-child\" data-id=\"bf15976\" data-element_type=\"container\" data-e-type=\"container\">\n\t\t\t\t<div class=\"elementor-element elementor-element-e3a48e5 elementor-widget elementor-widget-text-editor\" data-id=\"e3a48e5\" data-element_type=\"widget\" data-e-type=\"widget\" data-widget_type=\"text-editor.default\">\n\t\t\t\t<div class=\"elementor-widget-container\">\n\t\t\t\t\t\t\t\t\t<p>Absolutamente. Nuestras t\u00e9cnicas son suaves, no invasivas y est\u00e1n dise\u00f1adas para apoyar\u2014no interferir\u2014con protocolos m\u00e9dicos o tratamientos de fertilidad en curso. <\/p>\t\t\t\t\t\t\t\t<\/div>\n\t\t\t\t<\/div>\n\t\t\t\t<\/div>\n\t\t\t\t\t<\/details>\n\t\t\t\t\t\t<details id=\"e-n-accordion-item-1413\" class=\"e-n-accordion-item\" >\n\t\t\t\t<summary class=\"e-n-accordion-item-title\" data-accordion-index=\"4\" tabindex=\"-1\" aria-expanded=\"false\" aria-controls=\"e-n-accordion-item-1413\" >\n\t\t\t\t\t<span class='e-n-accordion-item-title-header'><div class=\"e-n-accordion-item-title-text\"> \u00bfCon qu\u00e9 frecuencia deber\u00eda acudir? <\/div><\/span>\n\t\t\t\t\t\t\t<span class='e-n-accordion-item-title-icon'>\n\t\t\t<span class='e-opened' ><svg aria-hidden=\"true\" class=\"e-font-icon-svg e-fas-minus\" viewBox=\"0 0 448 512\" xmlns=\"http:\/\/www.w3.org\/2000\/svg\"><path d=\"M416 208H32c-17.67 0-32 14.33-32 32v32c0 17.67 14.33 32 32 32h384c17.67 0 32-14.33 32-32v-32c0-17.67-14.33-32-32-32z\"><\/path><\/svg><\/span>\n\t\t\t<span class='e-closed'><svg aria-hidden=\"true\" class=\"e-font-icon-svg e-fas-plus\" viewBox=\"0 0 448 512\" xmlns=\"http:\/\/www.w3.org\/2000\/svg\"><path d=\"M416 208H272V64c0-17.67-14.33-32-32-32h-32c-17.67 0-32 14.33-32 32v144H32c-17.67 0-32 14.33-32 32v32c0 17.67 14.33 32 32 32h144v144c0 17.67 14.33 32 32 32h32c17.67 0 32-14.33 32-32V304h144c17.67 0 32-14.33 32-32v-32c0-17.67-14.33-32-32-32z\"><\/path><\/svg><\/span>\n\t\t<\/span>\n\n\t\t\t\t\t\t<\/summary>\n\t\t\t\t<div role=\"region\" aria-labelledby=\"e-n-accordion-item-1413\" class=\"elementor-element elementor-element-9b4ac18 e-con-full e-flex e-con e-child\" data-id=\"9b4ac18\" data-element_type=\"container\" data-e-type=\"container\">\n\t\t\t\t<div class=\"elementor-element elementor-element-e9fd572 elementor-widget elementor-widget-text-editor\" data-id=\"e9fd572\" data-element_type=\"widget\" data-e-type=\"widget\" data-widget_type=\"text-editor.default\">\n\t\t\t\t<div class=\"elementor-widget-container\">\n\t\t\t\t\t\t\t\t\t<p>Durante la preparaci\u00f3n para la concepci\u00f3n, suele recomendarse una frecuencia semanal o quincenal, que luego se ajusta a medida que se alcanzan los objetivos. Los resultados del test de AK nos orientan para adaptar el ritmo seg\u00fan las necesidades cambiantes de tu cuerpo. <\/p>\t\t\t\t\t\t\t\t<\/div>\n\t\t\t\t<\/div>\n\t\t\t\t<\/div>\n\t\t\t\t\t<\/details>\n\t\t\t\t\t<\/div>\n\t\t\t\t\t\t<\/div>\n\t\t\t\t<\/div>\n\t\t\t\t\t<\/div>\n\t\t\t\t<\/div>\n\t\t\t\t<\/div>\n\t\t\t\t\t<\/div>\n\t\t\t\t<\/div>\n\t\t\t\t<\/div>\n\t\t","protected":false},"excerpt":{"rendered":"<p>Para quienes desean apoyar su salud reproductiva\u2014ya sea frente a desaf\u00edos de fertilidad, en preparaci\u00f3n para la concepci\u00f3n o para favorecer un ciclo m\u00e1s equilibrado\u2014la integridad de la columna, la pelvis y el sistema nervioso desempe\u00f1a un papel fundamental. La tensi\u00f3n o desalineaci\u00f3n en estas zonas puede alterar sutilmente la comunicaci\u00f3n con los \u00f3rganos reproductivos, [&hellip;]<\/p>\n","protected":false},"author":1,"featured_media":1537,"parent":0,"menu_order":0,"comment_status":"closed","ping_status":"closed","template":"elementor_theme","meta":{"_acf_changed":false,"_joinchat":[],"footnotes":""},"class_list":["post-4016","page","type-page","status-publish","has-post-thumbnail","hentry"],"acf":[],"_links":{"self":[{"href":"https:\/\/olakino.es\/es\/wp-json\/wp\/v2\/pages\/4016","targetHints":{"allow":["GET"]}}],"collection":[{"href":"https:\/\/olakino.es\/es\/wp-json\/wp\/v2\/pages"}],"about":[{"href":"https:\/\/olakino.es\/es\/wp-json\/wp\/v2\/types\/page"}],"author":[{"embeddable":true,"href":"https:\/\/olakino.es\/es\/wp-json\/wp\/v2\/users\/1"}],"replies":[{"embeddable":true,"href":"https:\/\/olakino.es\/es\/wp-json\/wp\/v2\/comments?post=4016"}],"version-history":[{"count":5,"href":"https:\/\/olakino.es\/es\/wp-json\/wp\/v2\/pages\/4016\/revisions"}],"predecessor-version":[{"id":4507,"href":"https:\/\/olakino.es\/es\/wp-json\/wp\/v2\/pages\/4016\/revisions\/4507"}],"wp:featuredmedia":[{"embeddable":true,"href":"https:\/\/olakino.es\/es\/wp-json\/wp\/v2\/media\/1537"}],"wp:attachment":[{"href":"https:\/\/olakino.es\/es\/wp-json\/wp\/v2\/media?parent=4016"}],"curies":[{"name":"wp","href":"https:\/\/api.w.org\/{rel}","templated":true}]}}