{"id":3990,"date":"2025-06-21T17:16:14","date_gmt":"2025-06-21T15:16:14","guid":{"rendered":"https:\/\/olakino.es\/visitas-quiropracticas-regulares-olakino-quiropractica\/"},"modified":"2026-01-18T23:46:21","modified_gmt":"2026-01-18T21:46:21","slug":"visitas-quiropracticas-esencial","status":"publish","type":"page","link":"https:\/\/olakino.es\/es\/visitas-quiropracticas-esencial\/","title":{"rendered":"Visitas quiropr\u00e1cticas Esencial en Palma | Olakino"},"content":{"rendered":"\t\t<div data-elementor-type=\"wp-page\" data-elementor-id=\"3990\" class=\"elementor elementor-3990 elementor-1801\" data-elementor-post-type=\"page\">\n\t\t\t\t<div class=\"elementor-element elementor-element-31808ca3 e-flex e-con-boxed e-con e-parent\" data-id=\"31808ca3\" data-element_type=\"container\" data-e-type=\"container\">\n\t\t\t\t\t<div class=\"e-con-inner\">\n\t\t\t\t<div class=\"elementor-element elementor-element-31face84 elementor-widget elementor-widget-text-editor\" data-id=\"31face84\" data-element_type=\"widget\" data-e-type=\"widget\" data-widget_type=\"text-editor.default\">\n\t\t\t\t<div class=\"elementor-widget-container\">\n\t\t\t\t\t\t\t\t\t<p class=\"\" data-start=\"313\" data-end=\"541\">Las visitas Esenciales ofrecen un enfoque <strong><a href=\"https:\/\/olakino.es\/es\/quiropractica-palma\/\">quiropr\u00e1ctico<\/a><\/strong> tradicional, con atenci\u00f3n espec\u00edfica a la columna y la pelvis. Cada sesi\u00f3n incluye una evaluaci\u00f3n f\u00edsica focalizada, ajustes articulares precisos y apoyo en tejidos blandos cuando es necesario.<\/p><p class=\"\" data-start=\"543\" data-end=\"812\">Este tipo de atenci\u00f3n es ideal para quienes experimentan molestias f\u00edsicas leves o buscan un cuidado sencillo que les ayude a recuperar comodidad y funcionalidad. Tambi\u00e9n es una opci\u00f3n valiosa para mantener la salud de la columna y abordar peque\u00f1as molestias antes de que se conviertan en algo mayor.<\/p><p class=\"\" data-start=\"814\" data-end=\"1308\">Las visitas Esenciales pueden ser un excelente punto de partida para quienes comienzan a tomar un papel m\u00e1s activo en su salud. Ofrecen una base pr\u00e1ctica para apoyar la capacidad natural del cuerpo de autorregularse, adaptarse y avanzar hacia un mayor bienestar general. Dado que este plan suele implicar sesiones m\u00e1s frecuentes en consulta, requiere menos intervenci\u00f3n fuera de la cl\u00ednica en comparaci\u00f3n con otros formatos\u2014ofreciendo una forma accesible y tranquila de comenzar, sin comprometer los resultados.<\/p><p class=\"\" data-start=\"1310\" data-end=\"1653\">Las sesiones se realizan en un espacio compartido, con tres camillas de ajuste. Este formato en sala abierta permite un entorno c\u00f3modo y eficiente, donde varias personas pueden recibir atenci\u00f3n al mismo tiempo. Cada sesi\u00f3n dura aproximadamente 20 minutos y suele programarse entre una y tres veces por semana, seg\u00fan las necesidades individuales.<\/p><p class=\"\" data-start=\"1655\" data-end=\"1807\">Durante el proceso de cuidado, te animaremos a complementar tu progreso con cambios simples y \u00fatiles en los h\u00e1bitos diarios, basados en recomendaciones generales de salud.<\/p><footer class=\"elementor elementor-191 elementor-location-footer\" data-elementor-type=\"footer\" data-elementor-id=\"191\" data-elementor-post-type=\"elementor_library\"><section class=\"elementor-section elementor-top-section elementor-element elementor-element-592d3c5 elementor-section-full_width elementor-reverse-tablet elementor-reverse-mobile elementor-section-height-min-height elementor-section-height-default elementor-section-items-middle\" data-id=\"592d3c5\" data-element_type=\"section\"><\/section><\/footer><footer class=\"elementor elementor-191 elementor-location-footer\" data-elementor-type=\"footer\" data-elementor-id=\"191\" data-elementor-post-type=\"elementor_library\"><section class=\"elementor-section elementor-top-section elementor-element elementor-element-592d3c5 elementor-section-full_width elementor-reverse-tablet elementor-reverse-mobile elementor-section-height-min-height elementor-section-height-default elementor-section-items-middle\" data-id=\"592d3c5\" data-element_type=\"section\"><\/section><\/footer>\t\t\t\t\t\t\t\t<\/div>\n\t\t\t\t<\/div>\n\t\t\t\t\t<\/div>\n\t\t\t\t<\/div>\n\t\t<div class=\"elementor-element elementor-element-7942dc69 e-flex e-con-boxed e-con e-parent\" data-id=\"7942dc69\" data-element_type=\"container\" data-e-type=\"container\">\n\t\t\t\t\t<div class=\"e-con-inner\">\n\t\t\t\t<div class=\"elementor-element elementor-element-31af5076 elementor-widget elementor-widget-button\" data-id=\"31af5076\" data-element_type=\"widget\" data-e-type=\"widget\" data-widget_type=\"button.default\">\n\t\t\t\t<div class=\"elementor-widget-container\">\n\t\t\t\t\t\t\t\t\t<div class=\"elementor-button-wrapper\">\n\t\t\t\t\t<a class=\"elementor-button elementor-button-link elementor-size-sm\" href=\"https:\/\/olakino.es\/es\/reserva-visita-quiropractica-esencial\/\">\n\t\t\t\t\t\t<span class=\"elementor-button-content-wrapper\">\n\t\t\t\t\t\t\t\t\t<span class=\"elementor-button-text\">RESERVA AQU\u00cd<\/span>\n\t\t\t\t\t<\/span>\n\t\t\t\t\t<\/a>\n\t\t\t\t<\/div>\n\t\t\t\t\t\t\t\t<\/div>\n\t\t\t\t<\/div>\n\t\t\t\t\t<\/div>\n\t\t\t\t<\/div>\n\t\t\t\t<\/div>\n\t\t","protected":false},"excerpt":{"rendered":"<p>Las visitas Esenciales ofrecen un enfoque quiropr\u00e1ctico tradicional, con atenci\u00f3n espec\u00edfica a la columna y la pelvis. Cada sesi\u00f3n incluye una evaluaci\u00f3n f\u00edsica focalizada, ajustes articulares precisos y apoyo en tejidos blandos cuando es necesario. Este tipo de atenci\u00f3n es ideal para quienes experimentan molestias f\u00edsicas leves o buscan un cuidado sencillo que les ayude [&hellip;]<\/p>\n","protected":false},"author":1,"featured_media":0,"parent":0,"menu_order":0,"comment_status":"closed","ping_status":"closed","template":"","meta":{"_acf_changed":false,"_joinchat":[],"footnotes":""},"class_list":["post-3990","page","type-page","status-publish","hentry"],"acf":[],"_links":{"self":[{"href":"https:\/\/olakino.es\/es\/wp-json\/wp\/v2\/pages\/3990","targetHints":{"allow":["GET"]}}],"collection":[{"href":"https:\/\/olakino.es\/es\/wp-json\/wp\/v2\/pages"}],"about":[{"href":"https:\/\/olakino.es\/es\/wp-json\/wp\/v2\/types\/page"}],"author":[{"embeddable":true,"href":"https:\/\/olakino.es\/es\/wp-json\/wp\/v2\/users\/1"}],"replies":[{"embeddable":true,"href":"https:\/\/olakino.es\/es\/wp-json\/wp\/v2\/comments?post=3990"}],"version-history":[{"count":5,"href":"https:\/\/olakino.es\/es\/wp-json\/wp\/v2\/pages\/3990\/revisions"}],"predecessor-version":[{"id":7173,"href":"https:\/\/olakino.es\/es\/wp-json\/wp\/v2\/pages\/3990\/revisions\/7173"}],"wp:attachment":[{"href":"https:\/\/olakino.es\/es\/wp-json\/wp\/v2\/media?parent=3990"}],"curies":[{"name":"wp","href":"https:\/\/api.w.org\/{rel}","templated":true}]}}