{"id":3985,"date":"2025-06-21T17:16:22","date_gmt":"2025-06-21T15:16:22","guid":{"rendered":"https:\/\/olakino.es\/visitas-quiropracticas-extendidas-olakino-quiropractica\/"},"modified":"2026-01-18T22:13:47","modified_gmt":"2026-01-18T20:13:47","slug":"visitas-quiropracticas-equilibrio","status":"publish","type":"page","link":"https:\/\/olakino.es\/es\/visitas-quiropracticas-equilibrio\/","title":{"rendered":"Visitas quiropr\u00e1cticas Equilibrio en Palma | Olakino"},"content":{"rendered":"\t\t<div data-elementor-type=\"wp-page\" data-elementor-id=\"3985\" class=\"elementor elementor-3985 elementor-1802\" data-elementor-post-type=\"page\">\n\t\t\t\t<div class=\"elementor-element elementor-element-1408f2ad e-flex e-con-boxed e-con e-parent\" data-id=\"1408f2ad\" data-element_type=\"container\" data-e-type=\"container\">\n\t\t\t\t\t<div class=\"e-con-inner\">\n\t\t\t\t<div class=\"elementor-element elementor-element-5fa001af elementor-widget elementor-widget-text-editor\" data-id=\"5fa001af\" data-element_type=\"widget\" data-e-type=\"widget\" data-widget_type=\"text-editor.default\">\n\t\t\t\t<div class=\"elementor-widget-container\">\n\t\t\t\t\t\t\t\t\t<p class=\"\" data-start=\"78\" data-end=\"313\">Esta modalidad de visita da un paso m\u00e1s all\u00e1. Est\u00e1 pensada para personas que necesitan un apoyo m\u00e1s profundo, especialmente cuando las molestias persisten, los dolores o lesiones reaparecen, o los s\u00edntomas regresan tras un cuidado previo. <\/p><p class=\"\" data-start=\"315\" data-end=\"681\">Bas\u00e1ndose en todo lo que incluye una visita Esencial, las visitas Equilibrio ofrecen una evaluaci\u00f3n m\u00e1s amplia y un enfoque terap\u00e9utico m\u00e1s profundo. Son sesiones de enfoque corporal completo que integran una variedad de intervenciones manuales. El trabajo no se limita a la columna y la pelvis, sino que tambi\u00e9n puede incluir el cr\u00e1neo, la mand\u00edbula y las extremidades, ofreciendo una visi\u00f3n m\u00e1s completa e interconectada del cuerpo.  <\/p><p class=\"\" data-start=\"683\" data-end=\"1092\">Este tipo de visita es un buen punto de partida y, en muchos casos, todo lo que se necesita para abordar molestias estructurales de larga duraci\u00f3n, como dolor muscular, problemas articulares, esguinces o reca\u00eddas, y molestias relacionadas con la articulaci\u00f3n temporomandibular (ATM). Aunque el enfoque sigue siendo estructural, tambi\u00e9n podemos apoyarnos en la <a href=\"https:\/\/olakino.es\/es\/kinesiologia-aplicada-palma\/\"><strong>Kinesiolog\u00eda Aplicada<\/strong><\/a> para entender mejor los patrones de compensaci\u00f3n y apoyar la respuesta del cuerpo. <\/p><p class=\"\" data-start=\"1094\" data-end=\"1274\">Las sesiones duran aproximadamente 30 minutos y se realizan en formato individual. La frecuencia recomendada suele ser de una a dos veces por semana durante un per\u00edodo determinado, seg\u00fan cada caso. <\/p><p class=\"\" data-start=\"1276\" data-end=\"1470\">Se recomienda adoptar un rol activo durante el proceso de cuidado, incorporando ajustes \u00fatiles en la postura, el movimiento y los h\u00e1bitos diarios, basados en recomendaciones generales y personalizadas.<\/p><footer class=\"elementor elementor-191 elementor-location-footer\" data-elementor-type=\"footer\" data-elementor-id=\"191\" data-elementor-post-type=\"elementor_library\"><section class=\"elementor-section elementor-top-section elementor-element elementor-element-592d3c5 elementor-section-full_width elementor-reverse-tablet elementor-reverse-mobile elementor-section-height-min-height elementor-section-height-default elementor-section-items-middle\" data-id=\"592d3c5\" data-element_type=\"section\"><\/section><\/footer><footer class=\"elementor elementor-191 elementor-location-footer\" data-elementor-type=\"footer\" data-elementor-id=\"191\" data-elementor-post-type=\"elementor_library\"><section class=\"elementor-section elementor-top-section elementor-element elementor-element-592d3c5 elementor-section-full_width elementor-reverse-tablet elementor-reverse-mobile elementor-section-height-min-height elementor-section-height-default elementor-section-items-middle\" data-id=\"592d3c5\" data-element_type=\"section\"><\/section><\/footer>\t\t\t\t\t\t\t\t<\/div>\n\t\t\t\t<\/div>\n\t\t\t\t\t<\/div>\n\t\t\t\t<\/div>\n\t\t<div class=\"elementor-element elementor-element-38b47658 e-flex e-con-boxed e-con e-parent\" data-id=\"38b47658\" data-element_type=\"container\" data-e-type=\"container\">\n\t\t\t\t\t<div class=\"e-con-inner\">\n\t\t\t\t<div class=\"elementor-element elementor-element-135627b7 elementor-widget elementor-widget-button\" data-id=\"135627b7\" data-element_type=\"widget\" data-e-type=\"widget\" data-widget_type=\"button.default\">\n\t\t\t\t<div class=\"elementor-widget-container\">\n\t\t\t\t\t\t\t\t\t<div class=\"elementor-button-wrapper\">\n\t\t\t\t\t<a class=\"elementor-button elementor-button-link elementor-size-sm\" href=\"https:\/\/olakino.es\/es\/reserva-visita-quiropractica-equilibrio\/\">\n\t\t\t\t\t\t<span class=\"elementor-button-content-wrapper\">\n\t\t\t\t\t\t\t\t\t<span class=\"elementor-button-text\">RESERVA AQU\u00cd<\/span>\n\t\t\t\t\t<\/span>\n\t\t\t\t\t<\/a>\n\t\t\t\t<\/div>\n\t\t\t\t\t\t\t\t<\/div>\n\t\t\t\t<\/div>\n\t\t\t\t\t<\/div>\n\t\t\t\t<\/div>\n\t\t\t\t<\/div>\n\t\t","protected":false},"excerpt":{"rendered":"<p>Esta modalidad de visita da un paso m\u00e1s all\u00e1. Est\u00e1 pensada para personas que necesitan un apoyo m\u00e1s profundo, especialmente cuando las molestias persisten, los dolores o lesiones reaparecen, o los s\u00edntomas regresan tras un cuidado previo. Bas\u00e1ndose en todo lo que incluye una visita Esencial, las visitas Equilibrio ofrecen una evaluaci\u00f3n m\u00e1s amplia y [&hellip;]<\/p>\n","protected":false},"author":1,"featured_media":0,"parent":0,"menu_order":0,"comment_status":"closed","ping_status":"closed","template":"","meta":{"_acf_changed":false,"_joinchat":[],"footnotes":""},"class_list":["post-3985","page","type-page","status-publish","hentry"],"acf":[],"_links":{"self":[{"href":"https:\/\/olakino.es\/es\/wp-json\/wp\/v2\/pages\/3985","targetHints":{"allow":["GET"]}}],"collection":[{"href":"https:\/\/olakino.es\/es\/wp-json\/wp\/v2\/pages"}],"about":[{"href":"https:\/\/olakino.es\/es\/wp-json\/wp\/v2\/types\/page"}],"author":[{"embeddable":true,"href":"https:\/\/olakino.es\/es\/wp-json\/wp\/v2\/users\/1"}],"replies":[{"embeddable":true,"href":"https:\/\/olakino.es\/es\/wp-json\/wp\/v2\/comments?post=3985"}],"version-history":[{"count":6,"href":"https:\/\/olakino.es\/es\/wp-json\/wp\/v2\/pages\/3985\/revisions"}],"predecessor-version":[{"id":7160,"href":"https:\/\/olakino.es\/es\/wp-json\/wp\/v2\/pages\/3985\/revisions\/7160"}],"wp:attachment":[{"href":"https:\/\/olakino.es\/es\/wp-json\/wp\/v2\/media?parent=3985"}],"curies":[{"name":"wp","href":"https:\/\/api.w.org\/{rel}","templated":true}]}}