{"id":3979,"date":"2025-06-21T17:16:33","date_gmt":"2025-06-21T15:16:33","guid":{"rendered":"https:\/\/olakino.es\/visita-quiropractica-completa-olakino-quiropractica\/"},"modified":"2026-01-18T21:37:50","modified_gmt":"2026-01-18T19:37:50","slug":"visitas-quiropracticas-completas","status":"publish","type":"page","link":"https:\/\/olakino.es\/es\/visitas-quiropracticas-completas\/","title":{"rendered":"Visitas quiropr\u00e1cticas Completas en Palma | Olakino"},"content":{"rendered":"\t\t<div data-elementor-type=\"wp-page\" data-elementor-id=\"3979\" class=\"elementor elementor-3979 elementor-1803\" data-elementor-post-type=\"page\">\n\t\t\t\t<div class=\"elementor-element elementor-element-5f163dee e-flex e-con-boxed e-con e-parent\" data-id=\"5f163dee\" data-element_type=\"container\" data-e-type=\"container\">\n\t\t\t\t\t<div class=\"e-con-inner\">\n\t\t\t\t<div class=\"elementor-element elementor-element-50fc1b1a elementor-widget elementor-widget-text-editor\" data-id=\"50fc1b1a\" data-element_type=\"widget\" data-e-type=\"widget\" data-widget_type=\"text-editor.default\">\n\t\t\t\t<div class=\"elementor-widget-container\">\n\t\t\t\t\t\t\t\t\t<p class=\"\" data-start=\"263\" data-end=\"588\">La visita Completa es nuestra opci\u00f3n m\u00e1s completa y detallada de atenci\u00f3n, dise\u00f1ada para abordar los desaf\u00edos de salud m\u00e1s complejos o prolongados y optimizar tu bienestar al m\u00e1ximo. Es altamente individualizada y abarcadora, con un enfoque multisist\u00e9mico que nos permite apoyar al cuerpo de una forma realmente hol\u00edstica. <\/p><p class=\"\" data-start=\"590\" data-end=\"1277\">Este tipo de sesi\u00f3n incluye todo lo que ofrecen nuestras otras modalidades de cuidado (Esencial y Equilibrio), pero va varios pasos m\u00e1s all\u00e1. Integra un an\u00e1lisis estructural, bioqu\u00edmico y emocional completo, con el objetivo de identificar los estresores exactos que est\u00e1n afectando tu salud y c\u00f3mo abordarlos en el orden m\u00e1s adecuado para tu cuerpo. Para ello, nos apoyamos especialmente en la <strong><a href=\"https:\/\/olakino.es\/es\/kinesiologia-aplicada-palma\/\">Kinesiolog\u00eda Aplicada<\/a><\/strong> y, m\u00e1s concretamente, en el enfoque <strong><a href=\"https:\/\/olakino.es\/es\/kinesiologia-aplicada-palma\/#SHC\">Systems Health Care<\/a><\/strong>, que nos brinda una estructura flexible para evaluar distintos sistemas corporales y observar c\u00f3mo interact\u00faan y responden con el tiempo.  <\/p><p class=\"\" data-start=\"1279\" data-end=\"1690\">Con frecuencia, el cuerpo solo muestra aquello que est\u00e1 preparado para procesar en ese momento. Muchas veces, las disfunciones m\u00e1s agudas o superficiales aparecen primero. Una vez que comienzan a resolverse, pueden emerger cuestiones m\u00e1s profundas o cr\u00f3nicas. Este proceso de sanaci\u00f3n en capas es una caracter\u00edstica central de las visitas Completas.<br>Cada sesi\u00f3n se apoya en la anterior, a medida que el cuerpo se reorganiza y pone en primer plano lo que necesita atenci\u00f3n.    <\/p><p class=\"\" data-start=\"1692\" data-end=\"2111\">Para aprovechar este proceso al m\u00e1ximo, solemos comenzar con tres sesiones, espaciadas entre una y dos semanas. Este ritmo nos permite apoyar y observar al cuerpo en movimiento. Entre sesiones, te ofreceremos recomendaciones personalizadas sobre alimentaci\u00f3n, estilo de vida y suplementaci\u00f3n, con el fin de reforzar el trabajo realizado en la cl\u00ednica. Cada sesi\u00f3n es individual y dura aproximadamente 60 minutos, lo que nos da el tiempo necesario para una evaluaci\u00f3n m\u00e1s profunda y una atenci\u00f3n integral.   <\/p><p class=\"\" data-start=\"2113\" data-end=\"2487\">Este no es un enfoque pasivo. Quienes eligen este tipo de cuidado deben estar dispuestos a participar activamente en su propio proceso de sanaci\u00f3n. Eso implica estar abiertos a implementar cambios en su estilo de vida, basados tanto en principios generales como en recomendaciones personalizadas y basadas en evidencia. Tu compromiso entre sesiones es tan importante como lo que sucede durante ellas.   <\/p><p class=\"\" data-start=\"2489\" data-end=\"2900\">Las personas acuden a las visitas Completas por una amplia variedad de razones:<\/p><ul><li data-start=\"2489\" data-end=\"2900\">Fatiga cr\u00f3nica<\/li><li data-start=\"2489\" data-end=\"2900\">Problemas digestivos<\/li><li data-start=\"2489\" data-end=\"2900\">Migra\u00f1as<\/li><li data-start=\"2489\" data-end=\"2900\">Afecciones de la piel<\/li><li data-start=\"2489\" data-end=\"2900\">Desaf\u00edos autoinmunes como Hashimoto<\/li><li data-start=\"2489\" data-end=\"2900\">Retos en el desarrollo neurol\u00f3gico<\/li><li data-start=\"2489\" data-end=\"2900\">Desequilibrios hormonales<\/li><li data-start=\"2489\" data-end=\"2900\">Estr\u00e9s emocional persistente<\/li><\/ul><p>El objetivo no es simplemente aliviar los s\u00edntomas, sino trabajar paso a paso en lo que hay debajo de ellos, ayudando al cuerpo a recuperar su equilibrio y capacidad de adaptaci\u00f3n con el tiempo.<\/p><footer class=\"elementor elementor-191 elementor-location-footer\" data-elementor-type=\"footer\" data-elementor-id=\"191\" data-elementor-post-type=\"elementor_library\"><section class=\"elementor-section elementor-top-section elementor-element elementor-element-592d3c5 elementor-section-full_width elementor-reverse-tablet elementor-reverse-mobile elementor-section-height-min-height elementor-section-height-default elementor-section-items-middle\" data-id=\"592d3c5\" data-element_type=\"section\"><\/section><\/footer><footer class=\"elementor elementor-191 elementor-location-footer\" data-elementor-type=\"footer\" data-elementor-id=\"191\" data-elementor-post-type=\"elementor_library\"><section class=\"elementor-section elementor-top-section elementor-element elementor-element-592d3c5 elementor-section-full_width elementor-reverse-tablet elementor-reverse-mobile elementor-section-height-min-height elementor-section-height-default elementor-section-items-middle\" data-id=\"592d3c5\" data-element_type=\"section\"><\/section><\/footer>\t\t\t\t\t\t\t\t<\/div>\n\t\t\t\t<\/div>\n\t\t\t\t\t<\/div>\n\t\t\t\t<\/div>\n\t\t<div class=\"elementor-element elementor-element-6ee90f45 e-flex e-con-boxed e-con e-parent\" data-id=\"6ee90f45\" data-element_type=\"container\" data-e-type=\"container\">\n\t\t\t\t\t<div class=\"e-con-inner\">\n\t\t\t\t<div class=\"elementor-element elementor-element-20b6d6db elementor-widget elementor-widget-button\" data-id=\"20b6d6db\" data-element_type=\"widget\" data-e-type=\"widget\" data-widget_type=\"button.default\">\n\t\t\t\t<div class=\"elementor-widget-container\">\n\t\t\t\t\t\t\t\t\t<div class=\"elementor-button-wrapper\">\n\t\t\t\t\t<a class=\"elementor-button elementor-button-link elementor-size-sm\" href=\"https:\/\/olakino.es\/es\/reserva-visita-quiropractica-completa\/\">\n\t\t\t\t\t\t<span class=\"elementor-button-content-wrapper\">\n\t\t\t\t\t\t\t\t\t<span class=\"elementor-button-text\">RESERVA AQU\u00cd<\/span>\n\t\t\t\t\t<\/span>\n\t\t\t\t\t<\/a>\n\t\t\t\t<\/div>\n\t\t\t\t\t\t\t\t<\/div>\n\t\t\t\t<\/div>\n\t\t\t\t\t<\/div>\n\t\t\t\t<\/div>\n\t\t<div class=\"elementor-element elementor-element-381f36a3 e-flex e-con-boxed e-con e-parent\" data-id=\"381f36a3\" data-element_type=\"container\" data-e-type=\"container\">\n\t\t\t\t\t<div class=\"e-con-inner\">\n\t\t<div class=\"elementor-element elementor-element-63faa4e6 e-con-full e-flex e-con e-child\" data-id=\"63faa4e6\" data-element_type=\"container\" data-e-type=\"container\">\n\t\t\t\t<div class=\"elementor-element elementor-element-6c0c799a elementor-hidden-desktop elementor-hidden-tablet elementor-hidden-mobile elementor-widget elementor-widget-heading\" data-id=\"6c0c799a\" data-element_type=\"widget\" data-e-type=\"widget\" data-widget_type=\"heading.default\">\n\t\t\t\t<div class=\"elementor-widget-container\">\n\t\t\t\t\t<h2 class=\"elementor-heading-title elementor-size-default\">\u2193 Descubre m\u00e1s sobre Systems Health Care \u2193<\/h2>\t\t\t\t<\/div>\n\t\t\t\t<\/div>\n\t\t\t\t<div class=\"elementor-element elementor-element-25344a9a elementor-widget elementor-widget-video\" data-id=\"25344a9a\" data-element_type=\"widget\" data-e-type=\"widget\" data-settings=\"{&quot;video_type&quot;:&quot;vimeo&quot;}\" data-widget_type=\"video.default\">\n\t\t\t\t<div class=\"elementor-widget-container\">\n\t\t\t\t\t\t\t<div class=\"elementor-wrapper elementor-open-inline\">\n\t\t\t<iframe class=\"elementor-video-iframe\" allowfullscreen allow=\"clipboard-write\" title=\"Reproductor de v\u00eddeo vimeo\" src=\"https:\/\/player.vimeo.com\/video\/1056643569?color&amp;autopause=0&amp;loop=0&amp;muted=0&amp;title=1&amp;portrait=1&amp;byline=1#t=\"><\/iframe>\t\t<\/div>\n\t\t\t\t\t\t<\/div>\n\t\t\t\t<\/div>\n\t\t\t\t<\/div>\n\t\t\t\t\t<\/div>\n\t\t\t\t<\/div>\n\t\t\t\t<\/div>\n\t\t","protected":false},"excerpt":{"rendered":"<p>La visita Completa es nuestra opci\u00f3n m\u00e1s completa y detallada de atenci\u00f3n, dise\u00f1ada para abordar los desaf\u00edos de salud m\u00e1s complejos o prolongados y optimizar tu bienestar al m\u00e1ximo. Es altamente individualizada y abarcadora, con un enfoque multisist\u00e9mico que nos permite apoyar al cuerpo de una forma realmente hol\u00edstica. Este tipo de sesi\u00f3n incluye todo [&hellip;]<\/p>\n","protected":false},"author":1,"featured_media":0,"parent":0,"menu_order":0,"comment_status":"closed","ping_status":"closed","template":"","meta":{"_acf_changed":false,"_joinchat":[],"footnotes":""},"class_list":["post-3979","page","type-page","status-publish","hentry"],"acf":[],"_links":{"self":[{"href":"https:\/\/olakino.es\/es\/wp-json\/wp\/v2\/pages\/3979","targetHints":{"allow":["GET"]}}],"collection":[{"href":"https:\/\/olakino.es\/es\/wp-json\/wp\/v2\/pages"}],"about":[{"href":"https:\/\/olakino.es\/es\/wp-json\/wp\/v2\/types\/page"}],"author":[{"embeddable":true,"href":"https:\/\/olakino.es\/es\/wp-json\/wp\/v2\/users\/1"}],"replies":[{"embeddable":true,"href":"https:\/\/olakino.es\/es\/wp-json\/wp\/v2\/comments?post=3979"}],"version-history":[{"count":6,"href":"https:\/\/olakino.es\/es\/wp-json\/wp\/v2\/pages\/3979\/revisions"}],"predecessor-version":[{"id":7141,"href":"https:\/\/olakino.es\/es\/wp-json\/wp\/v2\/pages\/3979\/revisions\/7141"}],"wp:attachment":[{"href":"https:\/\/olakino.es\/es\/wp-json\/wp\/v2\/media?parent=3979"}],"curies":[{"name":"wp","href":"https:\/\/api.w.org\/{rel}","templated":true}]}}