{"id":3880,"date":"2025-05-09T19:51:15","date_gmt":"2025-05-09T17:51:15","guid":{"rendered":"https:\/\/olakino.es\/acerca-de-olakino-quiropractica-palma-de-mallorca\/"},"modified":"2025-08-03T16:08:25","modified_gmt":"2025-08-03T14:08:25","slug":"acerca-de-olakino","status":"publish","type":"page","link":"https:\/\/olakino.es\/es\/acerca-de-olakino\/","title":{"rendered":"Acerca de Olakino en Palma | Olakino Quiropr\u00e1ctica"},"content":{"rendered":"\t\t<div data-elementor-type=\"wp-page\" data-elementor-id=\"3880\" class=\"elementor elementor-3880 elementor-122\" data-elementor-post-type=\"page\">\n\t\t\t\t<div class=\"elementor-element elementor-element-57f98d3 e-flex e-con-boxed e-con e-parent\" data-id=\"57f98d3\" data-element_type=\"container\" data-e-type=\"container\">\n\t\t\t\t\t<div class=\"e-con-inner\">\n\t\t\t\t<div class=\"elementor-element elementor-element-04cf334 elementor-widget elementor-widget-heading\" data-id=\"04cf334\" data-element_type=\"widget\" data-e-type=\"widget\" data-widget_type=\"heading.default\">\n\t\t\t\t<div class=\"elementor-widget-container\">\n\t\t\t\t\t<h2 class=\"elementor-heading-title elementor-size-default\">Vida | Salud | Cuerpo<\/h2>\t\t\t\t<\/div>\n\t\t\t\t<\/div>\n\t\t\t\t<div class=\"elementor-element elementor-element-681604d elementor-widget elementor-widget-heading\" data-id=\"681604d\" data-element_type=\"widget\" data-e-type=\"widget\" data-widget_type=\"heading.default\">\n\t\t\t\t<div class=\"elementor-widget-container\">\n\t\t\t\t\t<h1 class=\"elementor-heading-title elementor-size-default\">Descubre qu\u00e9 nos distingue en nuestro cuidado personalizado<\/h1>\t\t\t\t<\/div>\n\t\t\t\t<\/div>\n\t\t\t\t\t<\/div>\n\t\t\t\t<\/div>\n\t\t<div class=\"elementor-element elementor-element-70a7656 e-grid e-con-boxed e-con e-parent\" data-id=\"70a7656\" data-element_type=\"container\" data-e-type=\"container\">\n\t\t\t\t\t<div class=\"e-con-inner\">\n\t\t\t\t<div class=\"elementor-element elementor-element-ae040e4 elementor-widget elementor-widget-image\" data-id=\"ae040e4\" data-element_type=\"widget\" data-e-type=\"widget\" data-widget_type=\"image.default\">\n\t\t\t\t<div class=\"elementor-widget-container\">\n\t\t\t\t\t\t\t\t\t\t\t\t\t\t\t<img decoding=\"async\" src=\"https:\/\/olakino.es\/wp-content\/uploads\/elementor\/thumbs\/IMG_4213-scaled-r6a8euk1iqf1oppdzy7q2bbqfc9wqj43bpcco6ibkg.jpg\" title=\"IMG_4213\" alt=\"IMG_4213\" loading=\"lazy\" \/>\t\t\t\t\t\t\t\t\t\t\t\t\t\t\t<\/div>\n\t\t\t\t<\/div>\n\t\t\t\t<div class=\"elementor-element elementor-element-0f3a580 elementor-widget elementor-widget-image\" data-id=\"0f3a580\" data-element_type=\"widget\" data-e-type=\"widget\" data-widget_type=\"image.default\">\n\t\t\t\t<div class=\"elementor-widget-container\">\n\t\t\t\t\t\t\t\t\t\t\t\t\t\t\t<img decoding=\"async\" src=\"https:\/\/olakino.es\/wp-content\/uploads\/elementor\/thumbs\/IMG_1561-scaled-r6a8m4t0hie1nx4gglkmvz5c5udbe317brctkdphcg.jpg\" title=\"IMG_1561\" alt=\"IMG_1561\" loading=\"lazy\" \/>\t\t\t\t\t\t\t\t\t\t\t\t\t\t\t<\/div>\n\t\t\t\t<\/div>\n\t\t\t\t<div class=\"elementor-element elementor-element-356fbdf elementor-widget elementor-widget-image\" data-id=\"356fbdf\" data-element_type=\"widget\" data-e-type=\"widget\" data-widget_type=\"image.default\">\n\t\t\t\t<div class=\"elementor-widget-container\">\n\t\t\t\t\t\t\t\t\t\t\t\t\t\t\t<img decoding=\"async\" src=\"https:\/\/olakino.es\/wp-content\/uploads\/elementor\/thumbs\/IMG_2118-scaled-r6a8h59u85ka2ed8kxyw5qgap8y7jw8gz2r2wj3ocw.jpg\" title=\"IMG_2118\" alt=\"IMG_2118\" loading=\"lazy\" \/>\t\t\t\t\t\t\t\t\t\t\t\t\t\t\t<\/div>\n\t\t\t\t<\/div>\n\t\t\t\t\t<\/div>\n\t\t\t\t<\/div>\n\t\t<div class=\"elementor-element elementor-element-b62e888 e-flex e-con-boxed e-con e-parent\" data-id=\"b62e888\" data-element_type=\"container\" data-e-type=\"container\">\n\t\t\t\t\t<div class=\"e-con-inner\">\n\t\t<div class=\"elementor-element elementor-element-731757e e-con-full e-flex e-con e-child\" data-id=\"731757e\" data-element_type=\"container\" data-e-type=\"container\">\n\t\t\t\t<div class=\"elementor-element elementor-element-6336edf elementor-widget elementor-widget-text-editor\" data-id=\"6336edf\" data-element_type=\"widget\" data-e-type=\"widget\" data-widget_type=\"text-editor.default\">\n\t\t\t\t<div class=\"elementor-widget-container\">\n\t\t\t\t\t\t\t\t\t<p><strong>Olakino<\/strong>\u2014una palabra que refleja la mayor riqueza y salud que uno puede alcanzar\u2014es la fuerza que gu\u00eda nuestra pr\u00e1ctica y el cuidado que ofrecemos a cada persona.<\/p><p>Creemos que la verdadera salud va m\u00e1s all\u00e1 de la ausencia de s\u00edntomas; es la presencia de vitalidad, adaptabilidad y funcionalidad integral del cuerpo. La desaparici\u00f3n de un s\u00edntoma no es el destino final, sino el inicio de un camino m\u00e1s profundo hacia un bienestar integrativo y duradero. <\/p><p>Los s\u00edntomas no siempre son evidentes o ruidosos. Pueden ser f\u00edsicos, emocionales o incluso silenciosos, y aparecer en momentos de desequilibrio profundo. Sean claros o sutiles, son mensajes. Nuestro papel es escucharlos con atenci\u00f3n, no con juicio.  <\/p>\t\t\t\t\t\t\t\t<\/div>\n\t\t\t\t<\/div>\n\t\t\t\t<\/div>\n\t\t<div class=\"elementor-element elementor-element-3522b52 e-con-full e-flex e-con e-child\" data-id=\"3522b52\" data-element_type=\"container\" data-e-type=\"container\">\n\t\t\t\t<div class=\"elementor-element elementor-element-083513c elementor-widget-divider--separator-type-pattern elementor-widget-divider--view-line elementor-widget elementor-widget-divider\" data-id=\"083513c\" data-element_type=\"widget\" data-e-type=\"widget\" data-widget_type=\"divider.default\">\n\t\t\t\t<div class=\"elementor-widget-container\">\n\t\t\t\t\t\t\t<div class=\"elementor-divider\" style=\"--divider-pattern-url: url(&quot;data:image\/svg+xml,%3Csvg xmlns=&#039;http:\/\/www.w3.org\/2000\/svg&#039; preserveAspectRatio=&#039;none&#039; overflow=&#039;visible&#039; height=&#039;100%&#039; viewBox=&#039;0 0 24 24&#039; fill=&#039;none&#039; stroke=&#039;black&#039; stroke-width=&#039;0.5&#039; stroke-linecap=&#039;square&#039; stroke-miterlimit=&#039;10&#039;%3E%3Cpath d=&#039;M0,6c6,0,0.9,11.1,6.9,11.1S18,6,24,6&#039;\/%3E%3C\/svg%3E&quot;);\">\n\t\t\t<span class=\"elementor-divider-separator\">\n\t\t\t\t\t\t<\/span>\n\t\t<\/div>\n\t\t\t\t\t\t<\/div>\n\t\t\t\t<\/div>\n\t\t\t\t<div class=\"elementor-element elementor-element-5f9647e elementor-widget elementor-widget-text-editor\" data-id=\"5f9647e\" data-element_type=\"widget\" data-e-type=\"widget\" data-widget_type=\"text-editor.default\">\n\t\t\t\t<div class=\"elementor-widget-container\">\n\t\t\t\t\t\t\t\t\t<p>Cada persona es \u00fanica, moldeada por su gen\u00e9tica, sus experiencias, creencias y entorno. Por eso consideramos que la atenci\u00f3n personalizada no es un lujo, sino una parte esencial del proceso de sanaci\u00f3n. <\/p><p>En Olakino acogemos la complejidad y celebramos la individualidad. Ya sea que alguien nos visite por dolor de cuello, problemas digestivos, fatiga o simplemente por el deseo de encontrar mayor equilibrio, recibimos a cada persona con integridad, intenci\u00f3n y respeto por su camino personal. <\/p>\t\t\t\t\t\t\t\t<\/div>\n\t\t\t\t<\/div>\n\t\t\t\t<div class=\"elementor-element elementor-element-dc6a13c elementor-widget-divider--separator-type-pattern elementor-widget-divider--view-line elementor-widget elementor-widget-divider\" data-id=\"dc6a13c\" data-element_type=\"widget\" data-e-type=\"widget\" data-widget_type=\"divider.default\">\n\t\t\t\t<div class=\"elementor-widget-container\">\n\t\t\t\t\t\t\t<div class=\"elementor-divider\" style=\"--divider-pattern-url: url(&quot;data:image\/svg+xml,%3Csvg xmlns=&#039;http:\/\/www.w3.org\/2000\/svg&#039; preserveAspectRatio=&#039;none&#039; overflow=&#039;visible&#039; height=&#039;100%&#039; viewBox=&#039;0 0 24 24&#039; fill=&#039;none&#039; stroke=&#039;black&#039; stroke-width=&#039;0.5&#039; stroke-linecap=&#039;square&#039; stroke-miterlimit=&#039;10&#039;%3E%3Cpath d=&#039;M0,6c6,0,0.9,11.1,6.9,11.1S18,6,24,6&#039;\/%3E%3C\/svg%3E&quot;);\">\n\t\t\t<span class=\"elementor-divider-separator\">\n\t\t\t\t\t\t<\/span>\n\t\t<\/div>\n\t\t\t\t\t\t<\/div>\n\t\t\t\t<\/div>\n\t\t\t\t<\/div>\n\t\t<div class=\"elementor-element elementor-element-8fa7f8a e-con-full e-flex e-con e-child\" data-id=\"8fa7f8a\" data-element_type=\"container\" data-e-type=\"container\">\n\t\t\t\t<div class=\"elementor-element elementor-element-f3942fe elementor-widget elementor-widget-text-editor\" data-id=\"f3942fe\" data-element_type=\"widget\" data-e-type=\"widget\" data-widget_type=\"text-editor.default\">\n\t\t\t\t<div class=\"elementor-widget-container\">\n\t\t\t\t\t\t\t\t\t<p>Nuestra cl\u00ednica, situada en el coraz\u00f3n vibrante de Palma de Mallorca, es un espacio de salud integrativa; un refugio que acompa\u00f1a tanto a residentes como a viajeros frente a las exigencias del mundo moderno.<\/p><p>Esta isla es un lugar de vida consciente, donde la salud, la creatividad y el bienestar forman parte del d\u00eda a d\u00eda. Es un honor servir a esta comunidad consciente y acompa\u00f1ar a quienes buscan no solo alivio, sino transformaci\u00f3n. <\/p><p>Nuestra visi\u00f3n es liderar, de forma discreta, un movimiento donde la salud se viva como un estilo de vida, no solo como una necesidad; donde la precisi\u00f3n se une con la vocaci\u00f3n; y donde el bienestar se convierte en una b\u00fasqueda compartida, basada en la conexi\u00f3n y el cuidado.<\/p><p>En Olakino, la salud no es una tendencia. Es un regreso a lo esencial, un camino hacia el equilibrio y una celebraci\u00f3n de la vida misma. <\/p>\t\t\t\t\t\t\t\t<\/div>\n\t\t\t\t<\/div>\n\t\t\t\t<\/div>\n\t\t\t\t\t<\/div>\n\t\t\t\t<\/div>\n\t\t<div class=\"elementor-element elementor-element-975af85 e-grid e-con-boxed e-con e-parent\" data-id=\"975af85\" data-element_type=\"container\" data-e-type=\"container\">\n\t\t\t\t\t<div class=\"e-con-inner\">\n\t\t\t\t<div class=\"elementor-element elementor-element-1e479e0 elementor-widget elementor-widget-image\" data-id=\"1e479e0\" data-element_type=\"widget\" data-e-type=\"widget\" data-widget_type=\"image.default\">\n\t\t\t\t<div class=\"elementor-widget-container\">\n\t\t\t\t\t\t\t\t\t\t\t\t\t\t\t<img decoding=\"async\" src=\"https:\/\/olakino.es\/wp-content\/uploads\/elementor\/thumbs\/IMG_1623-scaled-r6a7km2xol1089mgjvpquxzyj5av512x61w2xrc7ps.jpg\" title=\"IMG_1623\" alt=\"IMG_1623\" loading=\"lazy\" \/>\t\t\t\t\t\t\t\t\t\t\t\t\t\t\t<\/div>\n\t\t\t\t<\/div>\n\t\t\t\t<div class=\"elementor-element elementor-element-860e466 elementor-widget elementor-widget-image\" data-id=\"860e466\" data-element_type=\"widget\" data-e-type=\"widget\" data-widget_type=\"image.default\">\n\t\t\t\t<div class=\"elementor-widget-container\">\n\t\t\t\t\t\t\t\t\t\t\t\t\t\t\t<img decoding=\"async\" src=\"https:\/\/olakino.es\/wp-content\/uploads\/elementor\/thumbs\/IMG_2077-scaled-r6a8gkle1sryyz79xp13mvo5mrs4ujydk8eecfyc5s.jpg\" title=\"IMG_2077\" alt=\"IMG_2077\" loading=\"lazy\" \/>\t\t\t\t\t\t\t\t\t\t\t\t\t\t\t<\/div>\n\t\t\t\t<\/div>\n\t\t\t\t<div class=\"elementor-element elementor-element-ba7b844 elementor-widget elementor-widget-image\" data-id=\"ba7b844\" data-element_type=\"widget\" data-e-type=\"widget\" data-widget_type=\"image.default\">\n\t\t\t\t<div class=\"elementor-widget-container\">\n\t\t\t\t\t\t\t\t\t\t\t\t\t\t\t<img decoding=\"async\" src=\"https:\/\/olakino.es\/wp-content\/uploads\/2025\/05\/IMG_1639-scaled-e1748096701652.jpg\" title=\"IMG_1639\" alt=\"IMG_1639\" loading=\"lazy\" \/>\t\t\t\t\t\t\t\t\t\t\t\t\t\t\t<\/div>\n\t\t\t\t<\/div>\n\t\t\t\t\t<\/div>\n\t\t\t\t<\/div>\n\t\t\t\t<\/div>\n\t\t","protected":false},"excerpt":{"rendered":"<p>Vida | Salud | Cuerpo Olakino\u2014una palabra que refleja la mayor riqueza y salud que uno puede alcanzar\u2014es la fuerza que gu\u00eda nuestra pr\u00e1ctica y el cuidado que ofrecemos a cada persona. Creemos que la verdadera salud va m\u00e1s all\u00e1 de la ausencia de s\u00edntomas; es la presencia de vitalidad, adaptabilidad y funcionalidad integral del [&hellip;]<\/p>\n","protected":false},"author":1,"featured_media":1531,"parent":0,"menu_order":0,"comment_status":"closed","ping_status":"closed","template":"elementor_theme","meta":{"_acf_changed":false,"_joinchat":[],"footnotes":""},"class_list":["post-3880","page","type-page","status-publish","has-post-thumbnail","hentry"],"acf":[],"_links":{"self":[{"href":"https:\/\/olakino.es\/es\/wp-json\/wp\/v2\/pages\/3880","targetHints":{"allow":["GET"]}}],"collection":[{"href":"https:\/\/olakino.es\/es\/wp-json\/wp\/v2\/pages"}],"about":[{"href":"https:\/\/olakino.es\/es\/wp-json\/wp\/v2\/types\/page"}],"author":[{"embeddable":true,"href":"https:\/\/olakino.es\/es\/wp-json\/wp\/v2\/users\/1"}],"replies":[{"embeddable":true,"href":"https:\/\/olakino.es\/es\/wp-json\/wp\/v2\/comments?post=3880"}],"version-history":[{"count":4,"href":"https:\/\/olakino.es\/es\/wp-json\/wp\/v2\/pages\/3880\/revisions"}],"predecessor-version":[{"id":4133,"href":"https:\/\/olakino.es\/es\/wp-json\/wp\/v2\/pages\/3880\/revisions\/4133"}],"wp:featuredmedia":[{"embeddable":true,"href":"https:\/\/olakino.es\/es\/wp-json\/wp\/v2\/media\/1531"}],"wp:attachment":[{"href":"https:\/\/olakino.es\/es\/wp-json\/wp\/v2\/media?parent=3880"}],"curies":[{"name":"wp","href":"https:\/\/api.w.org\/{rel}","templated":true}]}}