{"id":1657,"date":"2025-05-09T19:53:40","date_gmt":"2025-05-09T17:53:40","guid":{"rendered":"https:\/\/olakino.es\/kinesiologia-aplicada-en-palma-de-mallorca-olakino\/"},"modified":"2025-08-05T09:43:40","modified_gmt":"2025-08-05T07:43:40","slug":"kinesiologia-aplicada-palma","status":"publish","type":"page","link":"https:\/\/olakino.es\/es\/kinesiologia-aplicada-palma\/","title":{"rendered":"Kinesiolog\u00eda Aplicada en Palma | Olakino Quiropr\u00e1ctica"},"content":{"rendered":"\t\t<div data-elementor-type=\"wp-page\" data-elementor-id=\"1657\" class=\"elementor elementor-1657 elementor-132\" data-elementor-post-type=\"page\">\n\t\t\t\t<div class=\"elementor-element elementor-element-fe5bf1f e-flex e-con-boxed e-con e-parent\" data-id=\"fe5bf1f\" data-element_type=\"container\" data-e-type=\"container\">\n\t\t\t\t\t<div class=\"e-con-inner\">\n\t\t\t\t<div class=\"elementor-element elementor-element-818f220 elementor-widget elementor-widget-heading\" data-id=\"818f220\" data-element_type=\"widget\" data-e-type=\"widget\" data-widget_type=\"heading.default\">\n\t\t\t\t<div class=\"elementor-widget-container\">\n\t\t\t\t\t<h1 class=\"elementor-heading-title elementor-size-default\">Comprende las se\u00f1ales de tu cuerpo con kinesiolog\u00eda aplicada<\/h1>\t\t\t\t<\/div>\n\t\t\t\t<\/div>\n\t\t\t\t<div class=\"elementor-element elementor-element-a1c4b9d elementor-widget elementor-widget-text-editor\" data-id=\"a1c4b9d\" data-element_type=\"widget\" data-e-type=\"widget\" data-widget_type=\"text-editor.default\">\n\t\t\t\t<div class=\"elementor-widget-container\">\n\t\t\t\t\t\t\t\t\t<p><strong>\u00bfQu\u00e9 es la Kinesiolog\u00eda Aplicada?<\/strong><\/p><p>La Kinesiolog\u00eda Aplicada (AK) es un m\u00e9todo de evaluaci\u00f3n que utiliza el test muscular manual para observar el funcionamiento del cuerpo en los planos f\u00edsico, qu\u00edmico y emocional. En lugar de enfocarse solo en los s\u00edntomas, esta herramienta ayuda a identificar las causas profundas del desequilibrio, convirti\u00e9ndose en una herramienta poderosa para cualquier profesional. <\/p><p>Tanto si sufres de dolores cr\u00f3nicos, desequilibrios hormonales, fatiga o s\u00edntomas sin explicaci\u00f3n aparente, la AK permite \u00abpreguntar\u00bb al cuerpo qu\u00e9 est\u00e1 ocurriendo realmente y qu\u00e9 necesita para recuperar su homeostasis natural.<\/p><p><strong>C\u00f3mo Funciona<\/strong><\/p><p>La Kinesiolog\u00eda Aplicada se basa en la comprensi\u00f3n de que el sistema nervioso regula todas las funciones corporales. Mediante el test muscular preciso, el quiropr\u00e1ctico identifica fuentes de estr\u00e9s o disfunci\u00f3n dentro de los sistemas musculoesquel\u00e9tico, bioqu\u00edmico, emocional o energ\u00e9tico. <\/p><p>Cada prueba muscular funciona como una pregunta al cuerpo. La respuesta del m\u00fasculo\u2014ya sea fuerte o d\u00e9bil\u2014muestra c\u00f3mo est\u00e1 fluyendo la comunicaci\u00f3n entre el cerebro y el resto del cuerpo. <\/p><p>Esto permite que cada sesi\u00f3n sea personalizada, adaptativa y eficiente, guiada por las prioridades reales del cuerpo, no solo por los s\u00edntomas visibles.<\/p><p><strong>\u00bfQu\u00e9 puede ayudar a resolver la AK?<\/strong><\/p><p>La Kinesiolog\u00eda Aplicada no es una terapia en s\u00ed, sino un sistema de evaluaci\u00f3n cl\u00ednica que orienta hacia el tratamiento m\u00e1s adecuado. Es especialmente \u00fatil en casos complejos o cr\u00f3nicos que no han respondido bien a tratamientos convencionales. <\/p><p>Algunos de los problemas donde suele aportar grandes beneficios incluyen:<\/p><ul><li>Dolor musculoesquel\u00e9tico persistente<\/li><li>Desequilibrios hormonales y metab\u00f3licos<\/li><li>Fatiga cr\u00f3nica y falta de energ\u00eda<\/li><li>Problemas digestivos o sensibilidad a alimentos<\/li><li>Estr\u00e9s, ansiedad y desregulaci\u00f3n emocional<\/li><li>D\u00e9ficit del sistema inmunol\u00f3gico y dificultad para desintoxicarse<\/li><\/ul><p>Al identificar y tratar la causa real, no solo el s\u00edntoma, se apoya al cuerpo para que sane desde adentro hacia afuera.<\/p><p><strong>T\u00e9cnicas y herramientas guiadas por AK<\/strong><\/p><p>Una vez identificada la disfunci\u00f3n a trav\u00e9s del test muscular, el tratamiento puede incluir una combinaci\u00f3n de:<\/p><ul><li>Ajustes <a href=\"https:\/\/olakino.es\/es\/quiropractica-palma\/\"><strong>quiropr\u00e1cticos<\/strong><\/a> suaves<\/li><li>T\u00e9cnicas craneales para mejorar la comunicaci\u00f3n cerebro-cuerpo<\/li><li>Orientaci\u00f3n en nutrici\u00f3n cl\u00ednica, suplementaci\u00f3n y apoyo en procesos de desintoxicaci\u00f3n<\/li><li>Estimulaci\u00f3n de meridianos y acupresi\u00f3n<\/li><li>Terapia miofascial o de tejidos blandos<\/li><li>Apoyo emocional y modulaci\u00f3n del estr\u00e9s<\/li><\/ul>\t\t\t\t\t\t\t\t<\/div>\n\t\t\t\t<\/div>\n\t\t\t\t<div class=\"elementor-element elementor-element-8f2f294 elementor-widget elementor-widget-menu-anchor\" data-id=\"8f2f294\" data-element_type=\"widget\" data-e-type=\"widget\" data-widget_type=\"menu-anchor.default\">\n\t\t\t\t<div class=\"elementor-widget-container\">\n\t\t\t\t\t\t\t<div class=\"elementor-menu-anchor\" id=\"SHC\"><\/div>\n\t\t\t\t\t\t<\/div>\n\t\t\t\t<\/div>\n\t\t\t\t<div class=\"elementor-element elementor-element-cf6b4af elementor-widget elementor-widget-heading\" data-id=\"cf6b4af\" data-element_type=\"widget\" data-e-type=\"widget\" data-widget_type=\"heading.default\">\n\t\t\t\t<div class=\"elementor-widget-container\">\n\t\t\t\t\t<h2 class=\"elementor-heading-title elementor-size-default\">Systems Health Care (SHC):<\/h2>\t\t\t\t<\/div>\n\t\t\t\t<\/div>\n\t\t\t\t<div class=\"elementor-element elementor-element-fef944a elementor-widget elementor-widget-text-editor\" data-id=\"fef944a\" data-element_type=\"widget\" data-e-type=\"widget\" data-widget_type=\"text-editor.default\">\n\t\t\t\t<div class=\"elementor-widget-container\">\n\t\t\t\t\t\t\t\t\t<p>En nuestra consulta de Palma de Mallorca, aplicamos tambi\u00e9n el m\u00e9todo <strong>Systems Health Care (SHC), una forma avanzada de AK<\/strong> creada por el Dr. Stephen Gangemi. SHC permite identificar lo que el cuerpo necesita en orden de prioridad, abordando disfunciones profundas que podr\u00edan pasar desapercibidas. <\/p><p>Por ejemplo, un paciente con dolor de hombro puede necesitar, en realidad, apoyo inmunol\u00f3gico, respiratorio o digestivo. SHC permite descubrir estas conexiones y promover una sanaci\u00f3n sostenible y duradera. <\/p><p>Nos enorgullece contar con el \u00fanico profesional certificado en SHC en Europa, trayendo este m\u00e9todo avanzado a Mallorca.<\/p>\t\t\t\t\t\t\t\t<\/div>\n\t\t\t\t<\/div>\n\t\t\t\t<div class=\"elementor-element elementor-element-73efa02 elementor-widget elementor-widget-video\" data-id=\"73efa02\" data-element_type=\"widget\" data-e-type=\"widget\" data-settings=\"{&quot;video_type&quot;:&quot;vimeo&quot;}\" data-widget_type=\"video.default\">\n\t\t\t\t<div class=\"elementor-widget-container\">\n\t\t\t\t\t\t\t<div class=\"elementor-wrapper elementor-open-inline\">\n\t\t\t<iframe class=\"elementor-video-iframe\" allowfullscreen allow=\"clipboard-write\" title=\"Reproductor de v\u00eddeo vimeo\" src=\"https:\/\/player.vimeo.com\/video\/1056643569?color&amp;autopause=0&amp;loop=0&amp;muted=0&amp;title=1&amp;portrait=1&amp;byline=1#t=\"><\/iframe>\t\t<\/div>\n\t\t\t\t\t\t<\/div>\n\t\t\t\t<\/div>\n\t\t\t\t<div class=\"elementor-element elementor-element-ec78763 elementor-widget elementor-widget-text-editor\" data-id=\"ec78763\" data-element_type=\"widget\" data-e-type=\"widget\" data-widget_type=\"text-editor.default\">\n\t\t\t\t<div class=\"elementor-widget-container\">\n\t\t\t\t\t\t\t\t\t<p><strong>Kinesiolog\u00eda Aplicada: Un Di\u00e1logo con Tu Cuerpo<\/strong><\/p><p>El cuerpo sabe lo que necesita. La Kinesiolog\u00eda Aplicada permite escuchar esas necesidades de forma estructurada, respetuosa y eficaz. Si buscas respuestas a s\u00edntomas inexplicables o deseas abordar tu salud desde una perspectiva natural y profunda, esta herramienta puede ser clave en tu camino hacia el bienestar.  <\/p><p><strong>\u00bfBuscas un quiropr\u00e1ctico en Palma de Mallorca especializado en salud funcional?<\/strong><\/p><p>Combinamos el cuidado <a href=\"https:\/\/olakino.es\/es\/quiropractica-palma\/\"><strong>quiropr\u00e1ctico<\/strong><\/a>, el apoyo al sistema nervioso y la kinesiolog\u00eda aplicada para ayudar a restaurar el equilibrio y promover el bienestar a largo plazo.<\/p>\t\t\t\t\t\t\t\t<\/div>\n\t\t\t\t<\/div>\n\t\t\t\t\t<\/div>\n\t\t\t\t<\/div>\n\t\t\t\t<\/div>\n\t\t","protected":false},"excerpt":{"rendered":"<p>\u00bfQu\u00e9 es la Kinesiolog\u00eda Aplicada? La Kinesiolog\u00eda Aplicada (AK) es un m\u00e9todo de evaluaci\u00f3n que utiliza el test muscular manual para observar el funcionamiento del cuerpo en los planos f\u00edsico, qu\u00edmico y emocional. En lugar de enfocarse solo en los s\u00edntomas, esta herramienta ayuda a identificar las causas profundas del desequilibrio, convirti\u00e9ndose en una herramienta [&hellip;]<\/p>\n","protected":false},"author":1,"featured_media":1496,"parent":0,"menu_order":0,"comment_status":"closed","ping_status":"closed","template":"elementor_theme","meta":{"_acf_changed":false,"_joinchat":[],"footnotes":""},"class_list":["post-1657","page","type-page","status-publish","has-post-thumbnail","hentry"],"acf":[],"_links":{"self":[{"href":"https:\/\/olakino.es\/es\/wp-json\/wp\/v2\/pages\/1657","targetHints":{"allow":["GET"]}}],"collection":[{"href":"https:\/\/olakino.es\/es\/wp-json\/wp\/v2\/pages"}],"about":[{"href":"https:\/\/olakino.es\/es\/wp-json\/wp\/v2\/types\/page"}],"author":[{"embeddable":true,"href":"https:\/\/olakino.es\/es\/wp-json\/wp\/v2\/users\/1"}],"replies":[{"embeddable":true,"href":"https:\/\/olakino.es\/es\/wp-json\/wp\/v2\/comments?post=1657"}],"version-history":[{"count":8,"href":"https:\/\/olakino.es\/es\/wp-json\/wp\/v2\/pages\/1657\/revisions"}],"predecessor-version":[{"id":4525,"href":"https:\/\/olakino.es\/es\/wp-json\/wp\/v2\/pages\/1657\/revisions\/4525"}],"wp:featuredmedia":[{"embeddable":true,"href":"https:\/\/olakino.es\/es\/wp-json\/wp\/v2\/media\/1496"}],"wp:attachment":[{"href":"https:\/\/olakino.es\/es\/wp-json\/wp\/v2\/media?parent=1657"}],"curies":[{"name":"wp","href":"https:\/\/api.w.org\/{rel}","templated":true}]}}